{"id":362,"date":"2024-12-06T16:24:05","date_gmt":"2024-12-06T21:24:05","guid":{"rendered":"https:\/\/catie.swooncreative.ca\/syphilis\/"},"modified":"2025-03-05T14:28:30","modified_gmt":"2025-03-05T19:28:30","slug":"syphilis","status":"publish","type":"page","link":"https:\/\/multilingual.catie.ca\/pt-br\/syphilis\/","title":{"rendered":"S\u00edfilis"},"content":{"rendered":"\n<h2 class=\"wp-block-heading\">Introdu\u00e7\u00e3o<\/h2>\n\n\n\n<ul class=\"wp-block-list\">\n<li>A s\u00edfilis \u00e9 uma infe\u00e7\u00e3o sexualmente transmiss\u00edvel (IST). Quando n\u00e3o tratada pode levar a graves \u00a0problemas de sa\u00fade. A boa not\u00edcia \u00e9 que a s\u00edfilis pode ser curada com antibi\u00f3ticos.<\/li>\n\n\n\n<li>A s\u00edfilis \u00e9 geralmente transmitida durante o contacto sexual, incluindo rela\u00e7\u00e3o sexual oral, vaginal ou anal.<\/li>\n\n\n\n<li>A s\u00edfilis tamb\u00e9m pode ser transmitida de uma pessoa gr\u00e1vida para a crian\u00e7a, durante a gravidez ou durante o parto.<\/li>\n\n\n\n<li>Existem maneiras para prevenir contrair ou transmitir a s\u00edfilis.<\/li>\n\n\n\n<li>A \u00fanica maneira de saber se tem s\u00edfilis \u00e9 fazendo um teste.<\/li>\n<\/ul>\n\n\n\n<p><strong>Continue a ler para obter respostas a perguntas comuns sobre a s\u00edfilis.<\/strong><\/p>\n\n\n\n<h2 class=\"wp-block-heading\">O que \u00e9 a s\u00edfilis?<\/h2>\n\n\n\n<p>A s\u00edfilis \u00e9 uma IST (infe\u00e7\u00e3o sexualmente transmiss\u00edvel) provocada por um tipo de bact\u00e9ria. Esta doen\u00e7a pode apresentar-se de forma silenciosa e muitas pessoas com s\u00edfilis n\u00e3o apresentam quaisquer sintomas ou n\u00e3o valorizam a manifesta\u00e7\u00e3o de sintomas. Logo ap\u00f3s contrair s\u00edfilis, pode aparecer uma pequena ferida, indolor, no local da primeira exposi\u00e7\u00e3o ou \u00e0 volta do mesmo (p\u00e9nis, vagina, reto ou boca). Se a infe\u00e7\u00e3o n\u00e3o for tratada, podem ocorrer outros sintomas, como erup\u00e7\u00f5es cut\u00e2neas, dores de cabe\u00e7a e queda de cabelo, mas geralmente estes sintomas desaparecem dentro dos primeiros meses.<\/p>\n\n\n\n<p>\u00c9 importante salientar que, quando n\u00e3o tratada, a s\u00edfilis permanece no organismo e pode eventualmente danificar o sistema nervoso e os \u00f3rg\u00e3os, levando a problemas de sa\u00fade graves e potencialmente fatais.<\/p>\n\n\n\n<p>A s\u00edfilis pode ser curada com antibi\u00f3ticos. Isto evita maiores danos e impede que a s\u00edfilis seja transmitida a outras pessoas.<\/p>\n\n\n\n<h2 class=\"wp-block-heading\">Como \u00e9 que se contrai a s\u00edfilis e como isto pode ser evitado?<\/h2>\n\n\n\n<p>A s\u00edfilis \u00e9 geralmente transmitida durante o contacto sexual, incluindo rela\u00e7\u00e3o sexual vaginal, frontal, anal ou oral.<\/p>\n\n\n\n<p>A s\u00edfilis \u00e9 facilmente transmitida de uma gr\u00e1vida para a crian\u00e7a durante a gravidez ou durante o parto.<\/p>\n\n\n\n<p>A s\u00edfilis tamb\u00e9m pode ser transmitida:<\/p>\n\n\n\n<ul class=\"wp-block-list\">\n<li>quando se partilha equipamento usado para injetar drogas, embora isto seja muito raro<\/li>\n\n\n\n<li>atrav\u00e9s de sangue ou tecidos doados em pa\u00edses onde as reservas de sangue n\u00e3o s\u00e3o devidamente testadas para s\u00edfilis (o Canad\u00e1 come\u00e7ou a fazer testes de dete\u00e7\u00e3o da s\u00edfilis em 1949 e realiza testes de dete\u00e7\u00e3o da s\u00edfilis durante a doa\u00e7\u00e3o de tecidos e \u00f3rg\u00e3os)<\/li>\n<\/ul>\n\n\n\n<p>N\u00e3o h\u00e1 vacina contra a s\u00edfilis, por isso \u00e9 importante fazer tudo o que \u00e9 poss\u00edvel para evitar contra\u00ed-la.<\/p>\n\n\n\n<p>H\u00e1 muitas maneiras de evitar contrair s\u00edfilis:<\/p>\n\n\n\n<ul class=\"wp-block-list\">\n<li>Use preservativo corretamente sempre que tiver rela\u00e7\u00f5es sexuais.<\/li>\n\n\n\n<li>Tome doxiciclina, um antibi\u00f3tico obtido atrav\u00e9s de um profissional de sa\u00fade (\u00e0s vezes chamado doxiPEP).<\/li>\n\n\n\n<li>Se acha que pode ter sido exposto\/a \u00e0 s\u00edfilis, fa\u00e7a o teste e cure-se imediatamente para evitar a transmiss\u00e3o da s\u00edfilis ao seu\/\u00e0 sua parceiro\/a sexual ou parceiros sexuais.<\/li>\n\n\n\n<li>Se injeta drogas, evite a partilha e use instrumentos novos cada vez que se injeta.<\/li>\n<\/ul>\n\n\n\n<h2 class=\"wp-block-heading\">Como posso saber se tenho s\u00edfilis?<\/h2>\n\n\n\n<p>Muitas pessoas que t\u00eam s\u00edfilis n\u00e3o apresentam quaisquer sintomas \u00f3bvios. <strong>Pode ter s\u00edfilis e n\u00e3o saber.<\/strong><\/p>\n\n\n\n<p>A \u00fanica maneira de saber se tem s\u00edfilis \u00e9 fazendo o teste.<\/p>\n\n\n\n<p>Pe\u00e7a a um profissional de sa\u00fade que lhe fa\u00e7a um teste de s\u00edfilis. Pode aproveitar para fazer o teste de outras infe\u00e7\u00f5es ao mesmo tempo, como por exemplo, VIH, gonorreia, clam\u00eddia, hepatite B e hepatite C.<\/p>\n\n\n\n<h2 class=\"wp-block-heading\">A s\u00edfilis tem cura?<\/h2>\n\n\n\n<p>A s\u00edfilis pode ser curada! A s\u00edfilis pode ser curada com antibi\u00f3ticos, com poucos ou nenhuns efeitos colaterais.<\/p>\n\n\n\n<p>Se tem s\u00edfilis, converse com um profissional de sa\u00fade sobre as suas op\u00e7\u00f5es de tratamento. Quanto mais cedo a infe\u00e7\u00e3o for tratada e curada, melhor ser\u00e1 para a sua sa\u00fade.<\/p>\n\n\n\n<h2 class=\"wp-block-heading\">Posso ter s\u00edfilis outra vez?<\/h2>\n\n\n\n<p>O fato de ter tido s\u00edfilis n\u00e3o gera imunidade. <strong>\u00c9 poss\u00edvel contrair s\u00edfilis outra vez se ocorrer um novo &nbsp;contacto.<\/strong><\/p>\n\n\n\n<p><strong>A not\u00edcia boa \u00e9 que a s\u00edfilis pode ser tratada e curada outra vez.<\/strong><\/p>\n\n\n\n<h2 class=\"wp-block-heading\">Pode transmitir a s\u00edfilis ao seu beb\u00e9?<\/h2>\n\n\n\n<p>A s\u00edfilis pode ser facilmente transmitida de uma pessoa gr\u00e1vida para a crian\u00e7a durante a gravidez ou durante o parto. Isto chama-se s\u00edfilis cong\u00e9nita. A s\u00edfilis cong\u00e9nita pode resultar em aborto espont\u00e2neo, nado-morto ou morte de um rec\u00e9m-nascido. As crian\u00e7as que nascem com s\u00edfilis podem vir a ter problemas de sa\u00fade e dist\u00farbios de desenvolvimento muito graves.<\/p>\n\n\n\n<p>Se est\u00e1 gr\u00e1vida ou se est\u00e1 a pensar em engravidar, fa\u00e7a o teste de s\u00edfilis. Se apresenta risco cont\u00ednuo de contrair s\u00edfilis, fa\u00e7a o teste ao longo da gravidez. <strong>Se o resultado do teste for positivo, fa\u00e7a tratamento imediatamente para evitar transmitir a sif\u00edlis ao seu beb\u00e9.<\/strong><\/p>\n\n\n\n<h2 class=\"wp-block-heading\">Onde posso obter informa\u00e7\u00f5es sobre servi\u00e7os relacionados \u00e0 s\u00edfilis?<\/h2>\n\n\n\n<p>Converse sobre a s\u00edfilis com um profissional de sa\u00fade.<\/p>\n\n\n\n<p>Visite <a href=\"https:\/\/whereto.catie.ca\" target=\"_blank\" rel=\"noreferrer noopener\"><u>https:\/\/whereto.catie.ca<\/u><\/a>&nbsp;para se informar sobre servi\u00e7os relacionados \u00e0 s\u00edfilis dispon\u00edveis na sua \u00e1rea.<\/p>\n","protected":false},"excerpt":{"rendered":"<p>Introdu\u00e7\u00e3o Continue a ler para obter respostas a perguntas comuns sobre a s\u00edfilis. O que \u00e9 a s\u00edfilis? A s\u00edfilis \u00e9 uma IST (infe\u00e7\u00e3o sexualmente transmiss\u00edvel) provocada por um tipo de bact\u00e9ria. Esta doen\u00e7a pode apresentar-se de forma silenciosa e muitas pessoas com s\u00edfilis n\u00e3o apresentam quaisquer sintomas ou n\u00e3o valorizam a manifesta\u00e7\u00e3o de sintomas. [&hellip;]<\/p>\n","protected":false},"author":1,"featured_media":0,"parent":0,"menu_order":0,"comment_status":"closed","ping_status":"closed","template":"","meta":{"footnotes":""},"class_list":["post-362","page","type-page","status-publish","hentry"],"acf":[],"_links":{"self":[{"href":"https:\/\/multilingual.catie.ca\/pt-br\/wp-json\/wp\/v2\/pages\/362","targetHints":{"allow":["GET"]}}],"collection":[{"href":"https:\/\/multilingual.catie.ca\/pt-br\/wp-json\/wp\/v2\/pages"}],"about":[{"href":"https:\/\/multilingual.catie.ca\/pt-br\/wp-json\/wp\/v2\/types\/page"}],"author":[{"embeddable":true,"href":"https:\/\/multilingual.catie.ca\/pt-br\/wp-json\/wp\/v2\/users\/1"}],"replies":[{"embeddable":true,"href":"https:\/\/multilingual.catie.ca\/pt-br\/wp-json\/wp\/v2\/comments?post=362"}],"version-history":[{"count":7,"href":"https:\/\/multilingual.catie.ca\/pt-br\/wp-json\/wp\/v2\/pages\/362\/revisions"}],"predecessor-version":[{"id":1091,"href":"https:\/\/multilingual.catie.ca\/pt-br\/wp-json\/wp\/v2\/pages\/362\/revisions\/1091"}],"wp:attachment":[{"href":"https:\/\/multilingual.catie.ca\/pt-br\/wp-json\/wp\/v2\/media?parent=362"}],"curies":[{"name":"wp","href":"https:\/\/api.w.org\/{rel}","templated":true}]}}