{"id":346,"date":"2024-12-06T16:23:57","date_gmt":"2024-12-06T21:23:57","guid":{"rendered":"https:\/\/catie.swooncreative.ca\/hiv\/"},"modified":"2025-03-05T14:27:28","modified_gmt":"2025-03-05T19:27:28","slug":"hiv","status":"publish","type":"page","link":"https:\/\/multilingual.catie.ca\/pt-br\/hiv\/","title":{"rendered":"VIH"},"content":{"rendered":"\n<h2 class=\"wp-block-heading\">Introdu\u00e7\u00e3o<\/h2>\n\n\n\n<ul class=\"wp-block-list\">\n<li>O VIH \u00e9 um v\u00edrus que ataca o sistema imunit\u00e1rio. Quando n\u00e3o \u00e9 tratado, o VIH pode causar infe\u00e7\u00f5es e cancros potencialmente fatais. A boa not\u00edcia \u00e9 que, com tratamento e cuidados, uma pessoa com VIH pode viver uma vida longa e saud\u00e1vel!<\/li>\n\n\n\n<li>O VIH pode ser transmitido atrav\u00e9s do sangue, esperma, fluido vaginal, fluido retal ou leite materno\/leite do peito que contenha o VIH. H\u00e1 muitas maneiras de se evitar contrair ou transmitir o VIH.<\/li>\n\n\n\n<li>A \u00fanica maneira de saber se tem o VIH \u00e9 fazendo o teste.<\/li>\n<\/ul>\n\n\n\n<p><strong>Continue a ler para obter respostas a perguntas comuns sobre o VIH.<\/strong><\/p>\n\n\n\n<h2 class=\"wp-block-heading\">O que \u00e9 o VIH?<\/h2>\n\n\n\n<p>VIH significa V\u00edrus da Imunodefici\u00eancia Humana. O VIH \u00e9 um v\u00edrus que ataca o sistema imunit\u00e1rio, que \u00e9 a defesa interna do organismo contra doen\u00e7as e infe\u00e7\u00f5es. O sistema imunit\u00e1rio \u00e9 essencial para se ter uma vida saud\u00e1vel.<\/p>\n\n\n\n<p>Se n\u00e3o for tratado, o VIH enfraquece o sistema imunit\u00e1rio. Quando isto acontece, o corpo torna-se vulner\u00e1vel a doen\u00e7as e infe\u00e7\u00f5es graves. Isto \u00e9 conhecido como SIDA (S\u00edndrome da Imunodefici\u00eancia Adquirida).<\/p>\n\n\n\n<p>Hoje em dia existe tratamento eficaz que permite que as pessoas com o VIH tenham uma vida longa e saud\u00e1vel.<\/p>\n\n\n\n<h2 class=\"wp-block-heading\">Como \u00e9 que se contrai o VIH e como isto pode ser evitado?<\/h2>\n\n\n\n<p>O VIH pode ser transmitido quando um fluido que cont\u00e9m o VIH penetra no corpo de algu\u00e9m sem o VIH. Sangue, esperma, fluido vaginal, fluido retal, leite materno\/leite do peito s\u00e3o fluidos org\u00e2nicos que podem conter o VIH.<\/p>\n\n\n\n<p>O VIH transmite-se principalmente atrav\u00e9s do sexo e da partilha de equipamento usado para injetar drogas. Contudo, hoje em dia sabemos que uma pessoa que vive com o VIH e que est\u00e1 a seguir um tratamento eficaz n\u00e3o pode transmitir o VIH a um parceiro ou a uma parceira sexual.<\/p>\n\n\n\n<p>O VIH tamb\u00e9m pode ser transmitido:<\/p>\n\n\n\n<ul class=\"wp-block-list\">\n<li>a uma crian\u00e7a durante a gravidez, durante o parto ou atrav\u00e9s da amamenta\u00e7\u00e3o ou aleitamento<\/li>\n\n\n\n<li>atrav\u00e9s da reutiliza\u00e7\u00e3o de equipamento de tatuagem ou <em>piercing<\/em>&nbsp;corporal n\u00e3o esterilizado<\/li>\n\n\n\n<li>atrav\u00e9s da reutiliza\u00e7\u00e3o de equipamento m\u00e9dico, odontol\u00f3gico ou cir\u00fargico que n\u00e3o tenha sido devidamente esterilizado (isto \u00e9 raro no Canad\u00e1, mas pode ser um risco noutros pa\u00edses)<\/li>\n\n\n\n<li>atrav\u00e9s de sangue ou tecido doados em pa\u00edses onde as reservas de sangue n\u00e3o s\u00e3o testadas adequadamente para o VIH (o Canad\u00e1 come\u00e7ou a realizar testes em sangue e tecidos doados em 1985; antes disto, era poss\u00edvel que o VIH fosse transmitido atrav\u00e9s de sangue ou tecidos doados no Canad\u00e1)<\/li>\n<\/ul>\n\n\n\n<p>O VIH nunca \u00e9 transmitido atrav\u00e9s de abra\u00e7os, beijos ou apertos de m\u00e3o, nem atrav\u00e9s de objetos como por exemplo, assentos de sanita, ma\u00e7anetas de portas ou lou\u00e7a.<\/p>\n\n\n\n<p>N\u00e3o existe vacina para o VIH por isso \u00e9 importante tomar todas as medidas poss\u00edveis para evitar contra\u00ed-lo.<\/p>\n\n\n\n<p>H\u00e1 muitas maneiras de evitar o VIH:<\/p>\n\n\n\n<ul class=\"wp-block-list\">\n<li>Use preservativos da maneira correta sempre que tiver rela\u00e7\u00f5es sexuais.<\/li>\n\n\n\n<li>Se injeta drogas, evite compartilh\u00e1-lhas e use sempre equipamento novo cada vez que as injeta.<\/li>\n\n\n\n<li>Use PrEP (profilaxia pr\u00e9-exposi\u00e7\u00e3o), um medicamento que uma pessoa seronegativa (sem o VIH) pode tomar continuamente.<\/li>\n\n\n\n<li>Se tiver sido exposto\/a recentemente ao VIH, use PEP (profilaxia p\u00f3s-exposi\u00e7\u00e3o), um medicamento que pessoas seronegativas (sem o VIH) podem tomar nas 72 horas ap\u00f3s uma poss\u00edvel exposi\u00e7\u00e3o ao VIH.<\/li>\n\n\n\n<li>Se tem o VIH, siga um tratamento eficaz para evitar transmitir o VIH ao seu parceiro ou \u00e0 sua parceira sexual.<\/li>\n\n\n\n<li>Se tem o VIH, siga um tratamento eficaz durante a gravidez para evitar a transmiss\u00e3o do VIH ao beb\u00e9.<\/li>\n\n\n\n<li>Se tem o VIH, alimente o seu beb\u00e9 com leite em p\u00f3. Por\u00e9m, com apoio m\u00e9dico adequado, a amamenta\u00e7\u00e3o\/o aleitamento pode ser uma op\u00e7\u00e3o para si, se assim o desejar.<\/li>\n\n\n\n<li>Se receber tratamento m\u00e9dico, odontol\u00f3gico ou cir\u00fargico fora do Canad\u00e1, certifique-se que o equipamento \u00e9 novo ou que tenha sido devidamente esterilizado.<\/li>\n\n\n\n<li>Se receber sangue ou tecidos doados fora do Canad\u00e1, confirme que os mesmos tenham sido examinados para detetar infe\u00e7\u00f5es comuns transmitidas pelo sangue.<\/li>\n<\/ul>\n\n\n\n<h2 class=\"wp-block-heading\">Como posso saber se tenho o VIH?<\/h2>\n\n\n\n<p>A maioria das pessoas que tem o VIH n\u00e3o apresenta quaisquer sintomas durante anos, apesar do v\u00edrus estar ativo e a danificar o sistema imunit\u00e1rio. <strong>Pode ter o VIH e n\u00e3o saber.<\/strong><\/p>\n\n\n\n<p>A \u00fanica maneira de saber se tem o VIH \u00e9 fazendo um teste.<\/p>\n\n\n\n<p>Pe\u00e7a a um profissional de sa\u00fade para lhe fazer um teste do VIH. Tamb\u00e9m pode aproveitar para fazer um teste para outras infe\u00e7\u00f5es como por exemplo, gonorreia, clam\u00eddia, hepatite B, hepatite C e s\u00edfilis.<\/p>\n\n\n\n<h2 class=\"wp-block-heading\">O VIH tem cura?<\/h2>\n\n\n\n<p>N\u00e3o h\u00e1 cura para o VIH, mas com tratamento e cuidados adequados, as pessoas que t\u00eam o VIH podem viver vidas longas e saud\u00e1veis.<\/p>\n\n\n\n<p>O tratamento do VIH melhorou muito e \u00e9 altamente eficaz com poucos ou nenhuns efeitos secund\u00e1rios.<\/p>\n\n\n\n<p>Se tem o VIH, converse com um profissional de sa\u00fade sobre as suas op\u00e7\u00f5es de tratamento. <strong>Quanto mais cedo come\u00e7ar o tratamento, melhor ser\u00e1 para a sua sa\u00fade.<\/strong><\/p>\n\n\n\n<h2 class=\"wp-block-heading\">Qual \u00e9 a diferen\u00e7a entre VIH e SIDA?<\/h2>\n\n\n\n<p>O VIH \u00e9 o v\u00edrus que ataca o sistema imunit\u00e1rio. Quando o sistema imunit\u00e1rio est\u00e1 gravemente enfraquecido e o corpo se torna vulner\u00e1vel a doen\u00e7as e infe\u00e7\u00f5es graves, isto \u00e9 conhecido como SIDA, o est\u00e1gio avan\u00e7ado da infe\u00e7\u00e3o pelo VIH. Por\u00e9m, com tratamento adequado, <strong>muitas pessoas com o VIH podem viver vidas longas e saud\u00e1veis, sem nunca chegarem a desenvolver a SIDA.<\/strong><\/p>\n\n\n\n<h2 class=\"wp-block-heading\">Onde posso obter servi\u00e7os para o VIH?<\/h2>\n\n\n\n<p>Converse com um profissional de sa\u00fade sobre testes do VIH ou para receber tratamento e cuidados para o VIH.<\/p>\n\n\n\n<p>Visite <a href=\"https:\/\/whereto.catie.ca\" target=\"_blank\" rel=\"noreferrer noopener\"><u>https:\/\/whereto.catie.ca<\/u><\/a>&nbsp;para se informar sobre servi\u00e7os relacionados com o VIH dispon\u00edveis na sua \u00e1rea.<\/p>\n","protected":false},"excerpt":{"rendered":"<p>Introdu\u00e7\u00e3o Continue a ler para obter respostas a perguntas comuns sobre o VIH. O que \u00e9 o VIH? VIH significa V\u00edrus da Imunodefici\u00eancia Humana. O VIH \u00e9 um v\u00edrus que ataca o sistema imunit\u00e1rio, que \u00e9 a defesa interna do organismo contra doen\u00e7as e infe\u00e7\u00f5es. O sistema imunit\u00e1rio \u00e9 essencial para se ter uma vida [&hellip;]<\/p>\n","protected":false},"author":1,"featured_media":0,"parent":0,"menu_order":0,"comment_status":"closed","ping_status":"closed","template":"","meta":{"footnotes":""},"class_list":["post-346","page","type-page","status-publish","hentry"],"acf":[],"_links":{"self":[{"href":"https:\/\/multilingual.catie.ca\/pt-br\/wp-json\/wp\/v2\/pages\/346","targetHints":{"allow":["GET"]}}],"collection":[{"href":"https:\/\/multilingual.catie.ca\/pt-br\/wp-json\/wp\/v2\/pages"}],"about":[{"href":"https:\/\/multilingual.catie.ca\/pt-br\/wp-json\/wp\/v2\/types\/page"}],"author":[{"embeddable":true,"href":"https:\/\/multilingual.catie.ca\/pt-br\/wp-json\/wp\/v2\/users\/1"}],"replies":[{"embeddable":true,"href":"https:\/\/multilingual.catie.ca\/pt-br\/wp-json\/wp\/v2\/comments?post=346"}],"version-history":[{"count":8,"href":"https:\/\/multilingual.catie.ca\/pt-br\/wp-json\/wp\/v2\/pages\/346\/revisions"}],"predecessor-version":[{"id":1090,"href":"https:\/\/multilingual.catie.ca\/pt-br\/wp-json\/wp\/v2\/pages\/346\/revisions\/1090"}],"wp:attachment":[{"href":"https:\/\/multilingual.catie.ca\/pt-br\/wp-json\/wp\/v2\/media?parent=346"}],"curies":[{"name":"wp","href":"https:\/\/api.w.org\/{rel}","templated":true}]}}