{"id":330,"date":"2024-12-06T16:23:48","date_gmt":"2024-12-06T21:23:48","guid":{"rendered":"https:\/\/catie.swooncreative.ca\/hepatitis-c\/"},"modified":"2025-03-05T14:23:02","modified_gmt":"2025-03-05T19:23:02","slug":"hepatitis-c","status":"publish","type":"page","link":"https:\/\/multilingual.catie.ca\/pt-br\/hepatitis-c\/","title":{"rendered":"Hepatite C"},"content":{"rendered":"<h2>Introdu\u00e7\u00e3o<\/h2>\n<ul>\n<li>A hepatite C \u00e9 um v\u00edrus que ataca o f\u00edgado. Quando n\u00e3o tratada, a hepatite C pode conduzir a graves problemas de sa\u00fade, como por exemplo insufici\u00eancia hep\u00e1tica, cancro de f\u00edgado e morte precoce. A boa not\u00edcia \u00e9 que a hepatite C tem cura!<\/li>\n<li>A hepatite C \u00e9 transmitida quando o sangue de uma pessoa com hepatite C entra em contato com o sangue de algu\u00e9m sem hepatite C. H\u00e1 muitas maneiras de prevenir a infe\u00e7\u00e3o ou a transmiss\u00e3o da hepatite C.<\/li>\n<li>A \u00fanica maneira de saber se tem hepatite C \u00e9 fazendo um teste.<\/li>\n<\/ul>\n<p>Continue a ler para obter respostas a perguntas comuns sobre a hepatite C.<\/p>\n<h2>O que \u00e9 a hepatite C?<\/h2>\n<p>A hepatite C \u00e9 um v\u00edrus que ataca o f\u00edgado, um org\u00e3o que desempenha muitas fun\u00e7\u00f5es importantes no corpo. O f\u00edgado \u00e9 essencial para uma vida saud\u00e1vel. Se a hepatite C n\u00e3o for tratada, ela causa les\u00f5es no f\u00edgado ao longo do tempo. Isto pode resultar em s\u00e9rios problemas de sa\u00fade, tais como insufici\u00eancia hep\u00e1tica, cancro do f\u00edgado e morte precoce. Por\u00e9m, a hepatite C pode ser curada.<\/p>\n<h2>Como \u00e9 que se contrai a hepatite C e como isto pode ser evitado?<\/h2>\n<p>A hepatite C \u00e9 transmitida quando o sangue de uma pessoa com hepatite C entra em contato com o sangue de algu\u00e9m sem hepatite C. h2Entre imigrantes e rec\u00e9m-chegados, a hepatite C \u00e9 geralmente transmitida nos seus pa\u00edses de origem, devido a medidas prec\u00e1rias de seguran\u00e7a de sa\u00fade. Isto inclui:<\/p>\n<ul>\n<li>atrav\u00e9s da recep\u00e7\u00e3o de sangue ou tecidos doados em pa\u00edses onde as reservas de sangue n\u00e3o s\u00e3o testadas de maneira adequada para a hepatite C<\/li>\n<li>atrav\u00e9s da reutiliza\u00e7\u00e3o de equipamento m\u00e9dico, dental ou cir\u00fargico em pa\u00edses onde este equipamento n\u00e3o \u00e9 corretamente esterilizado<\/li>\n<li>atrav\u00e9s de pr\u00e1ticas curativas tradicionais que cortam ou perfuram a pele, se o equipamento n\u00e3o for esterilizado (exemplos incluem ventosaterapia e acupuntura)<\/li>\n<\/ul>\n<p>No Canad\u00e1, a hepatite C \u00e9 geralmente transmitida atrav\u00e9s da partilha de equipamento para uso de drogas, especialmente equipamento para uso de drogas injet\u00e1veis. A hepatite C tamb\u00e9m pode ser transmitida:<\/p>\n<ul>\n<li>atrav\u00e9s da reutiliza\u00e7\u00e3o de instrumentos de tatuagem ou <i>piercing<\/i> n\u00e3o esterilizados<\/li>\n<li>de uma gr\u00e1vida para a crian\u00e7a, durante a gravidez ou parto<\/li>\n<li>durante a rela\u00e7\u00e3o sexual (\u00e9 poss\u00edvel, embora o risco seja muito baixo; isto \u00e9 mais comum entre homens que t\u00eam rela\u00e7\u00f5es sexuais com homens)<\/li>\n<li>atrav\u00e9s da partilha de artigos de higiene pessoal, como por exemplo, l\u00e2minas, corta-unhas e escovas de dentes<\/li>\n<\/ul>\n<p>No Canad\u00e1, a hepatite C j\u00e1 n\u00e3o pode ser transmitida atrav\u00e9s de sangue ou tecido doados. O Canad\u00e1 come\u00e7ou a fazer testes de dete\u00e7\u00e3o da hepatite C em sangue e tecido doados em 1992. A hepatite C nunca \u00e9 transmitida atrav\u00e9s de abra\u00e7os, beijos ou por se tocar em algu\u00e9m que tem o v\u00edrus. N\u00e3o existe vacina para a hepatite C por isso \u00e9 importante fazer tudo o que \u00e9 poss\u00edvel para evitar contrair hepatite C. Existem muitas maneiras de prevenir a hepatite C:<\/p>\n<ul>\n<li>Se receber sangue ou tecido doados fora do Canad\u00e1, garanta que tenham sido examinados para infe\u00e7\u00f5es comuns transmitidas pelo sangue.<\/li>\n<li>Se receber tratamento m\u00e9dico, odontol\u00f3gico ou cir\u00fargico fora do Canad\u00e1, garanta que o equipamento seja novo ou que tenha sido devidamente esterilizado.<\/li>\n<li>Fa\u00e7a o teste, trate-se e cure-se antes de engravidar. Isto previne a transmiss\u00e3o da hepatite C para o seu beb\u00e9.<\/li>\n<li>Se injeta drogas, evite a partilha de instrumentos usados. Use instrumentos novos cada vez que se injeta.<\/li>\n<\/ul>\n<ul>\n<li>Se fuma ou inala drogas, evite a partilha e use os seus pr\u00f3prios instrumentos cada vez que fumar ou inalar.<\/li>\n<li>Use preservativos da maneira adequada sempre que tiver rela\u00e7\u00f5es sexuais.<\/li>\n<\/ul>\n<h2>Como posso saber se tenho hepatite C?<\/h2>\n<p>A maioria das pessoas que tem hepatite C n\u00e3o apresenta quaisquer sintomas durante muitos anos, apesar do v\u00edrus estar ativo e a danificar o f\u00edgado. <b>Pode ter hepatite C e n\u00e3o saber. <\/b>N\u00e3o existe teste obrigat\u00f3rio de hepatite C quando as pessoas solicitam o visto de resid\u00eancia permanente no Canad\u00e1. A \u00fanica maneira de saber se tem hepatite C \u00e9 fazendo o teste. Pe\u00e7a a um profissional de sa\u00fade que lhe fa\u00e7a um teste de hepatite C. Tamb\u00e9m pode aproveitar para fazer o teste de outras infe\u00e7\u00f5es, como por exemplo gonorreia, clam\u00eddia, hepatite B, VIH e s\u00edfilis.<\/p>\n<h2>A hepatite C tem cura?<\/h2>\n<p>A hepatite C pode ser curada! No caso de algumas pessoas, o v\u00edrus desaparece espontaneamente dentro dos primeiros seis meses, mas a maioria precisa de tratamento para curar a infe\u00e7\u00e3o.<\/p>\n<p>O tratamento da hepatite C avan\u00e7ou muito. Envolve fazer tratamento durante oito ou doze semanas e cura quase toda a gente com hepatite C com poucos ou nenhuns efeitos secund\u00e1rios.<\/p>\n<p>Se tem hepatite C, converse com um profissional de sa\u00fade sobre as suas op\u00e7\u00f5es de tratamento. Quanto mais cedo come\u00e7ar o tratamento, melhor ser\u00e1 para a sua sa\u00fade.<\/p>\n<h2>O que \u00e9 a hepatite A e B?<\/h2>\n<p>A hepatite A e B s\u00e3o diferentes da hepatite C. A hepatite A \u00e9 geralmente transmitida atrav\u00e9s de \u00e1gua ou alimentos contaminados com mat\u00e9ria fecal (coc\u00f3). Tamb\u00e9m pode ser transmitida atrav\u00e9s de contato pr\u00f3ximo com algu\u00e9m que tem hepatite A. A maioria das pessoas que contrai hepatite A recupera-se por si s\u00f3. Quando isto acontece, elas tornam-se imunes ao v\u00edrus e n\u00e3o podem contrair hepatite A outra vez. A hepatite B pode ser transmitida de uma pessoa para outra atrav\u00e9s de sangue, esperma ou fluido vaginal. Tamb\u00e9m pode ser transmitida para o beb\u00e9 durante o parto. A maioria das pessoas que contrai hepatite B recupera-se por si s\u00f3 e n\u00e3o pode contrair hepatite B outra vez. Por\u00e9m, algumas pessoas com hepatite B desenvolvem uma infe\u00e7\u00e3o cr\u00f3nica por hepatite B. Isto \u00e9 mais comum em pessoas que contraem hepatite B quando s\u00e3o jovens. A hepatite B cr\u00f3nica pode causar problemas hep\u00e1ticos a longo prazo. A hepatite B n\u00e3o tem cura. A vacina\u00e7\u00e3o \u00e9 a melhor maneira de prevenir tanto a hepatite A como a hepatite B.<\/p>\n<h2>Onde posso obter servi\u00e7os para a hepatite C?<\/h2>\n<ul>\n<li>Converse com um profissional de sa\u00fade sobre o teste da hepatite C ou para obter atendimento m\u00e9dico para a hepatite C.<\/li>\n<li>Visite <u><a href=\"https:\/\/whereto.catie.ca\/\">https:\/\/whereto.catie.ca<\/a><\/u> para se informar sobre servi\u00e7os relacionados com a hepatite C dispon\u00edveis na sua \u00e1rea.<\/li>\n<\/ul>\n","protected":false},"excerpt":{"rendered":"<p>Introdu\u00e7\u00e3o A hepatite C \u00e9 um v\u00edrus que ataca o f\u00edgado. Quando n\u00e3o tratada, a hepatite C pode conduzir a graves problemas de sa\u00fade, como por exemplo insufici\u00eancia hep\u00e1tica, cancro de f\u00edgado e morte precoce. A boa not\u00edcia \u00e9 que a hepatite C tem cura! A hepatite C \u00e9 transmitida quando o sangue de uma [&hellip;]<\/p>\n","protected":false},"author":1,"featured_media":0,"parent":0,"menu_order":0,"comment_status":"closed","ping_status":"closed","template":"","meta":{"footnotes":""},"class_list":["post-330","page","type-page","status-publish","hentry"],"acf":[],"_links":{"self":[{"href":"https:\/\/multilingual.catie.ca\/pt-br\/wp-json\/wp\/v2\/pages\/330","targetHints":{"allow":["GET"]}}],"collection":[{"href":"https:\/\/multilingual.catie.ca\/pt-br\/wp-json\/wp\/v2\/pages"}],"about":[{"href":"https:\/\/multilingual.catie.ca\/pt-br\/wp-json\/wp\/v2\/types\/page"}],"author":[{"embeddable":true,"href":"https:\/\/multilingual.catie.ca\/pt-br\/wp-json\/wp\/v2\/users\/1"}],"replies":[{"embeddable":true,"href":"https:\/\/multilingual.catie.ca\/pt-br\/wp-json\/wp\/v2\/comments?post=330"}],"version-history":[{"count":10,"href":"https:\/\/multilingual.catie.ca\/pt-br\/wp-json\/wp\/v2\/pages\/330\/revisions"}],"predecessor-version":[{"id":1087,"href":"https:\/\/multilingual.catie.ca\/pt-br\/wp-json\/wp\/v2\/pages\/330\/revisions\/1087"}],"wp:attachment":[{"href":"https:\/\/multilingual.catie.ca\/pt-br\/wp-json\/wp\/v2\/media?parent=330"}],"curies":[{"name":"wp","href":"https:\/\/api.w.org\/{rel}","templated":true}]}}