{"id":2726,"date":"2025-09-17T13:26:56","date_gmt":"2025-09-17T17:26:56","guid":{"rendered":"https:\/\/multilingual.catie.ca\/hepatitis-b\/"},"modified":"2026-03-11T17:58:51","modified_gmt":"2026-03-11T21:58:51","slug":"hepatitis-b","status":"publish","type":"page","link":"https:\/\/multilingual.catie.ca\/pt-br\/hepatitis-b\/","title":{"rendered":"Hepatite B"},"content":{"rendered":"\n<h2 class=\"wp-block-heading\">Introdu\u00e7\u00e3o<\/h2>\n\n\n\n<ul class=\"wp-block-list\">\n<li>A hepatite B \u00e9 um v\u00edrus que ataca o f\u00edgado. Quando n\u00e3o tratada, a hepatite B pode conduzir a graves problemas de sa\u00fade, como por exemplo insufici\u00eancia hep\u00e1tica, cancro de f\u00edgado e morte precoce.<br><\/li>\n\n\n\n<li>A maioria dos adultos que contrai hepatite B pode recuperar-se por si s\u00f3 (sem medica\u00e7\u00e3o), mas isto \u00e9 menos prov\u00e1vel no caso de beb\u00e9s e crian\u00e7as<br><\/li>\n\n\n\n<li>A boa not\u00edcia \u00e9 que com os devidos cuidados, as pessoas com hepatite B podem viver uma vida longa e saud\u00e1vel!<br><\/li>\n\n\n\n<li>A hepatite B \u00e9 transmitida quando fluidos corporais, como por exemplo sangue, s\u00e9men ou secre\u00e7\u00e3o vaginal de uma pessoa com hepatite B entram no corpo de outra pessoa.<br><\/li>\n\n\n\n<li>A vacina\u00e7\u00e3o \u00e9 a melhor forma de preven\u00e7\u00e3o contra a hepatite B. H\u00e1 muitas outras formas eficazes de prevenir contrair ou transmitir a hepatite B.<br><\/li>\n\n\n\n<li>A \u00fanica maneira de saber se tem hepatite C \u00e9 fazendo o teste.<br><\/li>\n\n\n\n<li>Continue a ler para obter respostas a perguntas frequentes sobre a hepatite B.<\/li>\n<\/ul>\n\n\n\n<p><br><\/p>\n\n\n\n<h2 class=\"wp-block-heading\">O que \u00e9 a hepatite B?<\/h2>\n\n\n\n<p>A hepatite B \u00e9 um v\u00edrus que ataca o f\u00edgado, um \u00f3rg\u00e3o que desempenha muitas fun\u00e7\u00f5es importantes no corpo. O f\u00edgado \u00e9 essencial para uma vida saud\u00e1vel.<\/p>\n\n\n\n<p>A maioria dos adultos que contrai a hepatite B consegue recuperar-se por si s\u00f3, sem necessidade de tratamento. Os beb\u00e9s e as crian\u00e7as t\u00eam menos probabilidade de se recuperar por si s\u00f3. Depois de algu\u00e9m se recuperar da hepatite B, a pessoa fica imune, o que significa que nunca mais pode contra\u00ed-la.<\/p>\n\n\n\n<p>No caso da pessoa n\u00e3o se recuperar, o v\u00edrus permanece no corpo por muito tempo. Isso pode causar danos ao f\u00edgado ao longo do tempo e levar a problemas de sa\u00fade graves, como insufici\u00eancia hep\u00e1tica, cancro do f\u00edgado e morte prematura. A boa not\u00edcia \u00e9 que, com os cuidados adequados, as pessoas com hepatite B podem ter uma vida longa e saud\u00e1vel.<\/p>\n\n\n\n<p><br><\/p>\n\n\n\n<h2 class=\"wp-block-heading\">Como \u00e9 que se contrai a hepatite B e como isto pode ser evitado?<\/h2>\n\n\n\n<p>A hepatite B \u00e9 transmitida quando fluidos corporais, como por exemplo sangue, s\u00e9men ou secre\u00e7\u00e3o vaginal de uma pessoa com hepatite B entram no corpo de outra pessoa.<\/p>\n\n\n\n<p>Em pa\u00edses onde a hepatite B \u00e9 mais comum, o v\u00edrus \u00e9 geralmente transmitido de pais para filhos durante o nascimento ou entre membros da fam\u00edlia atrav\u00e9s do contato direto com fluidos corporais que cont\u00eam o v\u00edrus (por exemplo, partilha de artigos de higiene pessoal como l\u00e2minas de barbear, corta-unhas e escovas de dentes). Nesses pa\u00edses, a hepatite B tamb\u00e9m \u00e9 comumente transmitida devido a medidas de seguran\u00e7a inadequadas nas pr\u00e1ticas de sa\u00fade. Estas incluem:<\/p>\n\n\n\n<ul class=\"wp-block-list\">\n<li>atrav\u00e9s da recep\u00e7\u00e3o de sangue ou tecidos doados em pa\u00edses onde as reservas de sangue n\u00e3o s\u00e3o testadas de maneira adequada para a hepatite B<br><\/li>\n\n\n\n<li>atrav\u00e9s da reutiliza\u00e7\u00e3o de equipamento m\u00e9dico, dental ou cir\u00fargico em pa\u00edses onde este equipamento n\u00e3o \u00e9 corretamente esterilizado<br><\/li>\n\n\n\n<li>atrav\u00e9s de pr\u00e1ticas curativas tradicionais que cortam ou perfuram a pele, se o equipamento n\u00e3o for esterilizado (exemplos incluem ventosaterapia e acupuntura)<\/li>\n<\/ul>\n\n\n\n<p>No Canad\u00e1, a hepatite B \u00e9 mais comumente transmitida atrav\u00e9s de rela\u00e7\u00f5es sexuais sem preservativo e atrav\u00e9s da partilha de equipamento para o consumo de drogas, especialmente equipamento para o consumo de drogas injet\u00e1veis. A hepatite B tamb\u00e9m pode ser transmitida de pais para filhos durante o parto, entre membros da mesma fam\u00edlia atrav\u00e9s do contato direto com sangue ou outros fluidos corporais (por exemplo, partilha de artigos de higiene pessoal como l\u00e2minas de barbear, corta-unhas e escovas de dentes) ou pela reutiliza\u00e7\u00e3o de equipamento n\u00e3o esterilizado para tatuagem ou piercing.<\/p>\n\n\n\n<p>No Canad\u00e1, a hepatite B j\u00e1 n\u00e3o pode ser transmitida atrav\u00e9s de sangue ou tecido doados. O Canad\u00e1 come\u00e7ou a fazer testes de dete\u00e7\u00e3o da hepatite B em sangue e tecido doados em 1972.<\/p>\n\n\n\n<p>A hepatite B n\u00e3o \u00e9 transmitida por abra\u00e7os, toques, beijos ou pelo uso compartilhado de utens\u00edlios com algu\u00e9m que tenha o v\u00edrus.<\/p>\n\n\n\n<p>Existem muitas maneiras de prevenir a hepatite B:<\/p>\n\n\n\n<ul class=\"wp-block-list\">\n<li>Vacine-se contra a hepatite B<br><\/li>\n\n\n\n<li>Se injeta drogas, evite a partilha de instrumentos usados. Use instrumentos novos cada vez que se injeta.<br><\/li>\n\n\n\n<li>Se fuma ou inala drogas, evite a partilha e use os seus pr\u00f3prios instrumentos cada vez que fumar ou inalar.<br><\/li>\n\n\n\n<li>Use preservativos da maneira adequada sempre que tiver rela\u00e7\u00f5es sexuais.<br><\/li>\n\n\n\n<li>Fa\u00e7a o teste da hepatite B durante a gravidez. Se tiver hepatite B, siga um tratamento eficaz durante toda a gravidez e certifique-se de que o seu beb\u00e9 recebe os cuidados adequados, incluindo uma vacina \u00e0 nascen\u00e7a, para reduzir o risco de lhe transmitir a hepatite B.<br><\/li>\n\n\n\n<li>Se receber tratamento m\u00e9dico, odontol\u00f3gico ou cir\u00fargico fora do Canad\u00e1, tente certificar-se de que o equipamento seja novo ou que tenha sido devidamente esterilizado.<br><\/li>\n\n\n\n<li>Se receber sangue ou tecido doados fora do Canad\u00e1, tente confirmar que os mesmos tenham sido examinados para infe\u00e7\u00f5es comuns transmitidas pelo sangue.<br><\/li>\n\n\n\n<li>Se tiver sido recentemente exposto \u00e0 hepatite B, procure assist\u00eancia m\u00e9dica para ter acesso \u00e0 PEP (profilaxia p\u00f3s-exposi\u00e7\u00e3o). O ideal \u00e9 iniciar a PEP para hepatite B dentro de 48 horas ap\u00f3s a exposi\u00e7\u00e3o.<\/li>\n<\/ul>\n\n\n\n<p><br><\/p>\n\n\n\n<h2 class=\"wp-block-heading\">Como posso saber se tenho hepatite B?<\/h2>\n\n\n\n<p>A maioria das pessoas que tem hepatite B n\u00e3o apresenta quaisquer sintomas durante muitos anos, apesar do v\u00edrus estar ativo e a danificar o f\u00edgado. <strong>Pode ter hepatite B e n\u00e3o saber<\/strong>. N\u00e3o existe teste obrigat\u00f3rio de hepatite B quando as pessoas solicitam o visto de resid\u00eancia permanente no Canad\u00e1.<\/p>\n\n\n\n<p>A \u00fanica maneira de saber se tem hepatite B \u00e9 fazendo o teste.<\/p>\n\n\n\n<p>Pe\u00e7a a um profissional de sa\u00fade que lhe fa\u00e7a um teste de hepatite B. Tamb\u00e9m pode aproveitar para fazer o teste de outras infe\u00e7\u00f5es, como por exemplo gonorreia, clam\u00eddia, hepatite C, VIH e s\u00edfilis.<\/p>\n\n\n\n<p><br><\/p>\n\n\n\n<h2 class=\"wp-block-heading\">A hepatite B tem cura?<\/h2>\n\n\n\n<p>N\u00e3o existe cura para a hepatite B, mas a maioria dos adultos que a contrai recupera-se por si s\u00f3, sem necessidade de tratamento.<\/p>\n\n\n\n<p>No entanto, algumas pessoas \u2014 especialmente aquelas que a contraem quando s\u00e3o jovens \u2014 desenvolvem hepatite B cr\u00f3nica. Para aqueles que desenvolvem uma infe\u00e7\u00e3o cr\u00f3nica, existe tratamento para a hepatite B que mant\u00e9m o v\u00edrus sob controlo. Com os cuidados adequados, as pessoas com hepatite B podem viver uma vida longa e saud\u00e1vel.<\/p>\n\n\n\n<p>Se tem hepatite B, converse com um profissional de sa\u00fade sobre as suas op\u00e7\u00f5es de tratamento.<\/p>\n\n\n\n<p><br><\/p>\n\n\n\n<h2 class=\"wp-block-heading\">Pode transmitir hepatite B ao seu filho?<\/h2>\n\n\n\n<p>A hepatite B pode ser transmitida de um dos pais para a crian\u00e7a durante o parto ou durante a inf\u00e2ncia. Beb\u00e9s e crian\u00e7as s\u00e3o mais propensos a desenvolver infec\u00e7\u00f5es cr\u00f3nicas por hepatite B, que podem levar a complica\u00e7\u00f5es graves relacionadas com o f\u00edgado e \u00e0 morte. Fazer o tratamento durante a gravidez e garantir que o beb\u00e9 recebe os cuidados adequados, incluindo a vacina \u00e0 nascen\u00e7a, pode reduzir significativamente o risco de transmiss\u00e3o da hepatite B. N\u00e3o h\u00e1 risco de transmiss\u00e3o da hepatite B atrav\u00e9s da amamenta\u00e7\u00e3o\/aleitamento se o beb\u00e9 tiver sido vacinado e se receber os cuidados adequados.<\/p>\n\n\n\n<p>Se est\u00e1 gravida ou se est\u00e1 a pensar em engravidar, fa\u00e7a o teste de hepatite B. Se o resultado do teste for positivo, converse com o seu m\u00e9dico sobre as op\u00e7\u00f5es de tratamento para reduzir o risco de transmitir a hepatite B ao seu beb\u00e9.<\/p>\n\n\n\n<p><br><\/p>\n\n\n\n<h2 class=\"wp-block-heading\">Onde posso obter servi\u00e7os para a hepatite B?<\/h2>\n\n\n\n<ul class=\"wp-block-list\">\n<li>Converse com um profissional de sa\u00fade sobre o teste da hepatite B ou para obter atendimento m\u00e9dico para a hepatite B.<br><\/li>\n\n\n\n<li>Visite <a href=\"https:\/\/whereto.catie.ca\">https:\/\/whereto.catie.ca<\/a> para se informar sobre servi\u00e7os relacionados com a hepatite B dispon\u00edveis na sua \u00e1rea.<\/li>\n<\/ul>\n\n\n\n<p><br><\/p>\n\n\n\n<p><br><\/p>\n\n\n\n<p><br><br><\/p>\n\n\n\n<p><br><\/p>\n\n\n\n<p><br><\/p>\n","protected":false},"excerpt":{"rendered":"<p>Introdu\u00e7\u00e3o O que \u00e9 a hepatite B? A hepatite B \u00e9 um v\u00edrus que ataca o f\u00edgado, um \u00f3rg\u00e3o que desempenha muitas fun\u00e7\u00f5es importantes no corpo. O f\u00edgado \u00e9 essencial para uma vida saud\u00e1vel. A maioria dos adultos que contrai a hepatite B consegue recuperar-se por si s\u00f3, sem necessidade de tratamento. Os beb\u00e9s e [&hellip;]<\/p>\n","protected":false},"author":1,"featured_media":0,"parent":0,"menu_order":0,"comment_status":"closed","ping_status":"closed","template":"","meta":{"footnotes":""},"class_list":["post-2726","page","type-page","status-publish","hentry"],"acf":[],"_links":{"self":[{"href":"https:\/\/multilingual.catie.ca\/pt-br\/wp-json\/wp\/v2\/pages\/2726","targetHints":{"allow":["GET"]}}],"collection":[{"href":"https:\/\/multilingual.catie.ca\/pt-br\/wp-json\/wp\/v2\/pages"}],"about":[{"href":"https:\/\/multilingual.catie.ca\/pt-br\/wp-json\/wp\/v2\/types\/page"}],"author":[{"embeddable":true,"href":"https:\/\/multilingual.catie.ca\/pt-br\/wp-json\/wp\/v2\/users\/1"}],"replies":[{"embeddable":true,"href":"https:\/\/multilingual.catie.ca\/pt-br\/wp-json\/wp\/v2\/comments?post=2726"}],"version-history":[{"count":10,"href":"https:\/\/multilingual.catie.ca\/pt-br\/wp-json\/wp\/v2\/pages\/2726\/revisions"}],"predecessor-version":[{"id":3127,"href":"https:\/\/multilingual.catie.ca\/pt-br\/wp-json\/wp\/v2\/pages\/2726\/revisions\/3127"}],"wp:attachment":[{"href":"https:\/\/multilingual.catie.ca\/pt-br\/wp-json\/wp\/v2\/media?parent=2726"}],"curies":[{"name":"wp","href":"https:\/\/api.w.org\/{rel}","templated":true}]}}