{"id":3020,"date":"2025-09-17T13:26:56","date_gmt":"2025-09-17T17:26:56","guid":{"rendered":"https:\/\/multilingual.catie.ca\/?page_id=3020"},"modified":"2026-04-14T17:14:47","modified_gmt":"2026-04-14T21:14:47","slug":"hepatitis-b","status":"publish","type":"page","link":"https:\/\/multilingual.catie.ca\/nm\/hepatitis-b\/","title":{"rendered":"HEP B"},"content":{"rendered":"\n<h2 class=\"wp-block-heading\">Nistam ta kiskihtamin<\/h2>\n\n\n\n<ul class=\"wp-block-list\">\n<li>Hepatitis C \u00f4ma k\u00e2 isihk\u00e2t\u00eek, animatowa man\u2019c\u00f4sis \u00ee misinaw\u00e2ciht\u00e2t oshkwan. K\u00eepsin nimw\u00ee kin\u00e2katohk\u00e2n, \u00f4ma Hep C kwayes ka ahkos\u00eesk\u00e2kon, oshkwan\u00e2spin\u00eawin, manc\u00f4s k\u00e2y\u00e2w\u00e2w oshkwanihk, m\u00eena kak\u00ee nakatask\u00e2n. M\u00e2ka kiskiht\u00e2kwan \u00f4ma kak\u00ee n\u00e2tawihikawin k\u00eespin Hep C kitay\u00e2n.<\/li>\n\n\n\n<li>HEP C \u00f4ma ki ohtihtikon k\u00eespin kimiy\u00f6y\u00e2n \u00eakwa awiyak k\u00e2y\u00e2t \u00f4ma HEP C omihkom kim\u00eekawin. Mihc\u00e5t k\u00eekwaya ast\u00eawa ta w\u00eecihikoyin k\u00e2y ta kahcitinamin ahp\u00f4 ta m\u00eekiyin \u00f4ma HEP C.<\/li>\n\n\n\n<li>nimw\u00ee kim\u00f4siht\u00e2n, kik\u2019skiht\u00een, k\u00eespin kitay\u00e2n \u00f4ma HEP C,&nbsp;maskihk\u00eew\u00een\u00f4 nidaw w\u00e2pam\u00e2 ta kihcin\u00e2hoyin.<\/li>\n<\/ul>\n\n\n\n<p><strong>Ahkami ayamihcik\u00ee k\u00eespin ayow\u00e2k kinoht\u00ee kiskiht\u00een \u00f4ma HEP C ohci.<\/strong><\/p>\n\n\n\n<h2 class=\"wp-block-heading\">K\u00eekw\u00eay m\u00e2ka \u00f4ma HEP C?<\/h2>\n\n\n\n<p>Hepatitis C \u00f4ma k\u00e2 isihk\u00e2t\u00eek, animatowa man\u2019c\u00f4sis \u00ee misinaw\u00e2ciht\u00e2t oshkwan. Mihc\u00e5t k\u00eekw\u00eay kimiyawihk it\u00f4tam \u00f4ma oshkwan. Ta miy\u00f6sik poko Oshkwan ta miy\u00f6y\u00e2yin.<\/p>\n\n\n\n<p>k\u00eespin nimw\u00ee kin\u00e2tawih\u00een oshkwan, \u00f4ma HEP C ta misinaw\u00e2ciht\u00e2w ati n\u00eek\u00e2n. \u00f4ma Hep C kwayes ka ahkos\u00eesk\u00e2kon, oshkwan\u00e2spin\u00eawin, manc\u00f4s k\u00e2y\u00e2w\u00e2w oshkwanihk, m\u00eena kak\u00ee nakatask\u00e2n. \u00c2ta sohkan m\u00e2ka kak\u00ee miy\u00f6y\u00e2n.<\/p>\n\n\n\n<h2 class=\"wp-block-heading\">T\u00e2n\u2019s\u00eesi m\u00e2ka ay\u2019s\u00een\u00f4 \u00ee ohtihtikot \u00f4ma HEP C \u00eakwa t\u00e2n\u2019s\u00eesi kak\u00ee kipihtin\u00een?<\/h2>\n\n\n\n<p>HEP C \u00f4ma ki ohtihtikon k\u00eespin kimiy\u00f6y\u00e2n \u00eakwa awiyak k\u00e2y\u00e2t \u00f4ma HEP C omihkom kim\u00eekawin.<\/p>\n\n\n\n<p>\u00f4ta kitask\u00eenahk Canada, HEP C \u00f4ma mah m\u00eetowak anikik k\u00e2 m\u00e2mawi c\u00eestahosotw\u00e2w, maci maskihk\u00eesa k\u00e2paciht\u00e2cik, w\u00e2w\u00ees anihi l\u00ee zikw\u00ee m\u00e2na k\u00e2paciht\u00e2tw\u00e2w.<\/p>\n\n\n\n<p>m\u00eena HEP C \u00f4ma kak\u00ee \u00e2s\u00f4sk\u00e2k\u00e2n:<\/p>\n\n\n\n<ul class=\"wp-block-list\">\n<li>t\u00e2paciht\u00e2yin \u00ee w\u00eep\u00e2tahkw\u00e2w anihi l\u00ee cizikw\u00ee k\u00e2 masinatahisocik ahp\u00f4 at\u00e2m wasakahk k\u00e2st\u00e2cik k\u00eekwaya.<\/li>\n\n\n\n<li>iskw\u00eaw k\u00e2 ahc\u00eesot as\u00f4skamow\u00eaw ob\u00eeb\u00eesima ahp\u00f4 m\u00eekw\u00e2c k\u00e2 niht\u00e2wakit b\u00eeb\u00eesis.<\/li>\n\n\n\n<li>k\u00e2 masow\u00eehk (\u00e2ta wahiyaw\u00ees ast\u00eaw ta kahcitinamin, m\u00e2ka kiy\u00e2pic kak\u00ee ahkosin; ayow\u00e2k \u00f4ma kost\u00e2tikwan m\u00e2na n\u00e2p\u00eawak k\u00e2 wihp\u00eem\u2019tocik).<\/li>\n\n\n\n<li>ta m\u00e2mawi \u00e2paciht\u00e2y\u00eek k\u00e2skip\u00e2sona, maskas\u00ee paskosik\u00e2kanisa, m\u00eena kis\u00eep\u00eekin\u00e2pit\u00eaw\u00e2kana.<\/li>\n<\/ul>\n\n\n\n<p>nimw\u00ee \u00eakwa HEP C kak\u00ee kacitin\u00een k\u00eespin mihko kim\u00eekawin ayis Maskihk\u00eaw\u00een\u00f4wak \u00f4ta Canada k\u00ee m\u00e2ci kihcin\u00e2howak namak\u00eekw\u00eay \u00ee ast\u00eek \u00f4ma HEP C mihkohk, 1992 k\u00e2 m\u00e2ci kihcin\u00e2hocik.<\/p>\n\n\n\n<p>mwihk\u00e2c kak\u00ee kahcitin\u00een \u00f4ma HEP C k\u00eespin kikaskitikw\u00een\u00e2w, ki oc\u00eem\u00e2w, ahp\u00f4 kim\u00e2sih\u00e2w awiyak k\u00e2y\u00e2t \u00f4ma ahkosowin. namak\u00eekw\u00eay ast\u00eawa maskihk\u00eesa anihi vaccines k\u00e2 isihk\u00e2tahkw\u00e2w ta nakina \u00f4ma HEP C, \u00eakohci \u00f4ma poko ta piskihtamin, kwayes ta pisk\u00eem\u2019soyin.<\/p>\n\n\n\n<p>Mihc\u00e5t k\u00eekwaya ast\u00eawa ta w\u00eecihikoyin k\u00e2y ta kahcitinamin &nbsp;\u00f4ma HEP C:<\/p>\n\n\n\n<ul class=\"wp-block-list\">\n<li>k\u00eespin kic\u00eestahoson maci maskihk\u00eesa ahci, piyako c\u00eestahoso, m\u00eena osk\u00e2yi l\u00ee zikw\u00ee t\u00e2pitaw \u00e2paciht\u00e2.<\/li>\n\n\n\n<li>k\u00eespin kipihtw\u00e2n ahp\u00f4 ki pihtikw\u00ee \u00eeh\u00e2n maci maskihk\u00eesa, piskihta, kiy\u00e2 poko kit\u00e2pacihcikana \u00e2paciht\u00e2.<\/li>\n\n\n\n<li>t\u00e2pitaw \u00e2paciht\u00e2 l\u00ee cirrabarr m\u00e2na k\u00e2 mohkiciyin awiyak ahci.<\/li>\n\n\n\n<li>kihcin\u00e2ho, n\u00e2tawihikawi \u2013 miy\u00f6y\u00e2 p\u00e2mw\u00ees ta ahc\u00eesoyin. \u00d4ma ta nakinam anima HEP C, nimw\u00ee b\u00eeb\u00eesis k\u00e2s\u00f4skamow\u00e2w.<\/li>\n<\/ul>\n\n\n\n<h2 class=\"wp-block-heading\">T\u00e2n\u2019s\u00eesi nakiskiht\u00een \u00ee pakam\u2019sk\u00e2koy\u00e2n \u00f4ma HEP C.<\/h2>\n\n\n\n<p>Mihc\u00e5t ay\u2019s\u00een\u00f4 k\u00e2y\u00e2tw\u00e2w \u00f4ma HEP C nimw\u00ee m\u00f4siht\u00e2wak mihc\u00e5t ask\u00ee, m\u00e2ka kiy\u00e2pic ana man\u2019c\u00f4sis misinaw\u00e2ciht\u00e2w oshkwan. <strong>Kak\u00ee pakam\u2019sk\u00e2kon \u00f4ma HEP C \u00eakwa nimw\u00ee ahp\u00f4 kik\u2019skiht\u00een ahp\u00f4 ka m\u00f4siht\u00e2n.<\/strong><\/p>\n\n\n\n<p>mwihk\u00e2c ka kiskiht\u00een \u00ee ay\u00e2yin \u00f4ma HEP C poko maskihk\u00eew\u00een\u00f4 ta w\u00e2pamit \u00eakwa ta kihcin\u00e2hocik.<\/p>\n\n\n\n<p>Kw\u00eecim\u00e2 maskihk\u00eew\u00een\u00f4 d\u00e2\u0148 lapit\u00e2l ta miyis anima m\u00e2na k\u00e2 kihcin\u00e2hotw\u00e2w k\u00eespin HEP C kitay\u00e2n. K\u00ees\u00e2c m\u00eena kak\u00ee kihcin\u00e2hon k\u00eespin kotakak mac\u00e2spin\u00eawina kitay\u00e2n piyakwan gonorrhea, chlamydia, hepatitis B, HIV m\u00eena syphilis.<\/p>\n\n\n\n<h2 class=\"wp-block-heading\">Kak\u00ee miy\u00f6y\u00e2n c\u00ee k\u00eespin kipakam\u2019sk\u00e2kon HEP C?<\/h2>\n\n\n\n<p>T\u00e2pw\u00ee ay\u00e2yini \u00f4ma HEP C kak\u00ee miy\u00f6y\u00e2n. \u00c2tiht ay\u2019s\u00een\u00f4 piyako namatakopayin anima virus k\u00e2 isihk\u00e2t\u00eek nikotw\u00e2sik p\u00eesim ohci k\u00e2 n\u00e2tawihiht, m\u00e2ka os\u00e2m poko ta ahkami n\u00e2tawihiht ay\u2019s\u00een\u00f4 p\u00e2m\u2019w\u00ees ta miy\u00f6y\u00e2t.<\/p>\n\n\n\n<p>HEP C \u00f4ma n\u00e2tawihow\u00eawin ayow\u00e2k kiskihtamwak aspin ohci. K\u00e2 n\u00e2tawihikawiyin, ay\u00ean\u00e2n\u00eaw iskohk n\u00eesos\u00e2p lasmen kici, \u00eakwa nawac poko kahkiyaw awiyak miy\u00f6y\u00e2w, \u00e2skaw m\u00eena kim\u00e2yisk\u00e2kon l\u00ee pilil ahp\u00f4 maskihk\u00ee m\u00e2ka nimw\u00ee t\u00e2pitaw.<\/p>\n\n\n\n<p>k\u00eespin kitay\u00e2n \u00f4ma HEP C p\u00eek\u2019skw\u00e2t\u00e2 awiyak k\u00e2 atosk\u00e2ta maskihkiya, ta wayasow\u00e2tam\u00eek t\u00e2n\u2019s\u00eesi ta n\u00e2tawihikawiyin. W\u00eepac\u00ees ta m\u00e2ciht\u00e2yin, ta miy\u00f6sin \u00f4ma ta miy\u00f6y\u00e2yin.<\/p>\n\n\n\n<h2 class=\"wp-block-heading\">K\u00e2w\u00ee c\u00ee na pakam\u2019sk\u00e2kon \u00f4ma HEP C?<\/h2>\n\n\n\n<p>k\u00eespin s\u00e2s\u00eay kik\u00ee ay\u00e2n \u00f4ma HEP C, \u00eakwa \u00ee miy\u00f6y\u00e2yin, nimw\u00ee kis\u00eepin\u00e2n. K\u00e2w\u00ee kak\u00ee ahkosin k\u00eespin ki m\u00eekawin\/ki nak\u2019skam\u00e2son mihko s\u00e2s\u00eay k\u00e2 ast\u00eek \u00f4ma HEP C.<\/p>\n\n\n\n<p><strong>m\u00e2ka k\u00e2w\u00ee kak\u00ee n\u00e2tawihikawin ta miy\u00f6y\u00e2yin<\/strong><\/p>\n\n\n\n<h2 class=\"wp-block-heading\">K\u00eekw\u00eay m\u00e2ka \u00f4hi HEP A \u00eakwa HEP B?<\/h2>\n\n\n\n<p>\u00f4hi HEP A \u00eakwa HEP B nimw\u00ee piyakwan \u00f4ma HEP C.<\/p>\n\n\n\n<p>\u00f4ma HEP A kikahcitin\u00een k\u00e2 minihwiyin nip\u00ee ahp\u00f4 m\u00eecowin k\u00e2 misinaw\u00e2cihta miyin ahci ahp\u00f4 miyin k\u00e2st\u00eek. Kak\u00ee kahcitin\u00een m\u00eena kispin kisow\u00e2k kitay\u00e2n awiyak k\u00e2y\u00e2t \u00f4ma HEP A. Os\u00e2m poko kahkiyaw k\u00e2y\u00e2tw\u00e2w \u00f4ma HEP A piyako miy\u00f6y\u00e2wak. Omisi k\u00e2 ispayik, anima s\u00eepin\u00eawin \u00ee ay\u00e2tw\u00e2w, nimw\u00ee kihtw\u00e2m tak\u00ee kahcitinamwak HEP A.<\/p>\n\n\n\n<p>HEP B \u00f4ma kak\u00ee kahcitin\u00een\/\u00e2s\u00f4skam\u00e2k\u00e2n k\u00eespin awiyak omihkom kim\u00eekawin, n\u00e2p\u00eaw op\u00e2skisik\u00eawin\u00e2p\u00ee, ahp\u00f4 iskw\u00eaw lakoy\u00e5rr os\u00e2pop\u00eawin. HEP B m\u00eena \u00f4ma b\u00eeb\u00eesis tak\u00ee kahcitinam m\u00eekw\u00e2c k\u00e2 niht\u00e2wakit. Mihc\u00e5t \u00f4kik ka kahcitinahkw\u00e2w \u00f4ma HEP B, piyako miy\u00f6y\u00e2wak m\u00e2na; k\u00eesip\u00eayiki \u00f4ma, nimw\u00ee kihtw\u00e2m HEP B tak\u00ee ay\u00e2wak.M\u00e2ka \u00e2tiht ay\u2019s\u00een\u00f4 ka ay\u00e2t \u00f4ma HEP B, nimw\u00ee k\u00ee miy\u00f6y\u00e2w nawac poko oshkwan \u00ee ati misinaw\u00e2ta. W\u00e2w\u00ees anikik k\u00e2 kahcitinahkw\u00e2w k\u00e2 aw\u00e2sis\u00eawitw\u00e2w m\u00e2kohikwak \u00f4ma. &nbsp;HEP B \u00f4ma kit\u00f4shkwan ka m\u00e2ci m\u00e2kohikon ati n\u00eek\u00e2n. Namak\u00eekw\u00eay maskihk\u00ee ast\u00eaw ta n\u00e2tawiha \u00f4ma HEP B.<\/p>\n\n\n\n<p><strong>l\u2019zikw\u00ee ahci ta c\u00eestahokawiyin, vaccination isihk\u00e2tamwak, m\u00e2waci \u00ee miy\u00f6sik k\u00e2y ta kahcitinamin \u00f4hi HEP A \u00eakwa HEP B.<\/strong><\/p>\n\n\n\n<h2 class=\"wp-block-heading\">T\u00e2nt\u00ee m\u00e2ka nikak\u00ee w\u00eecihokawin HEP C kici?<\/h2>\n\n\n\n<p>p\u00eek\u2019skw\u00e2t\u00e2 maskihk\u00eew\u00een\u00f4 k\u00e2 atosk\u00e2ta \u00f4ma HEP C kihcin\u00e2howin ahp\u00f4 c\u00ee ta n\u00e2tawihikawiyin m\u00eena ta pisk\u00eem\u2019kawiyin.<\/p>\n\n\n\n<p>natona \u00f4ta ta w\u00eecihikoyin HEP C kici kisow\u00e2k \u00eakota k\u00e2 w\u00eekiyin, \u00f4ta itoht\u00ee d\u00e2l internet. <a href=\"https:\/\/whereto.catie.ca\" target=\"_blank\" rel=\"noreferrer noopener\"><u>https:\/\/whereto.catie.ca<\/u><\/a>.<\/p>\n","protected":false},"excerpt":{"rendered":"<p>Nistam ta kiskihtamin Ahkami ayamihcik\u00ee k\u00eespin ayow\u00e2k kinoht\u00ee kiskiht\u00een \u00f4ma HEP C ohci. K\u00eekw\u00eay m\u00e2ka \u00f4ma HEP C? Hepatitis C \u00f4ma k\u00e2 isihk\u00e2t\u00eek, animatowa man\u2019c\u00f4sis \u00ee misinaw\u00e2ciht\u00e2t oshkwan. Mihc\u00e5t k\u00eekw\u00eay kimiyawihk it\u00f4tam \u00f4ma oshkwan. Ta miy\u00f6sik poko Oshkwan ta miy\u00f6y\u00e2yin. k\u00eespin nimw\u00ee kin\u00e2tawih\u00een oshkwan, \u00f4ma HEP C ta misinaw\u00e2ciht\u00e2w ati n\u00eek\u00e2n. \u00f4ma Hep C kwayes [&hellip;]<\/p>\n","protected":false},"author":1,"featured_media":0,"parent":0,"menu_order":0,"comment_status":"closed","ping_status":"closed","template":"","meta":{"footnotes":""},"class_list":["post-3020","page","type-page","status-publish","hentry"],"acf":[],"_links":{"self":[{"href":"https:\/\/multilingual.catie.ca\/nm\/wp-json\/wp\/v2\/pages\/3020","targetHints":{"allow":["GET"]}}],"collection":[{"href":"https:\/\/multilingual.catie.ca\/nm\/wp-json\/wp\/v2\/pages"}],"about":[{"href":"https:\/\/multilingual.catie.ca\/nm\/wp-json\/wp\/v2\/types\/page"}],"author":[{"embeddable":true,"href":"https:\/\/multilingual.catie.ca\/nm\/wp-json\/wp\/v2\/users\/1"}],"replies":[{"embeddable":true,"href":"https:\/\/multilingual.catie.ca\/nm\/wp-json\/wp\/v2\/comments?post=3020"}],"version-history":[{"count":6,"href":"https:\/\/multilingual.catie.ca\/nm\/wp-json\/wp\/v2\/pages\/3020\/revisions"}],"predecessor-version":[{"id":3326,"href":"https:\/\/multilingual.catie.ca\/nm\/wp-json\/wp\/v2\/pages\/3020\/revisions\/3326"}],"wp:attachment":[{"href":"https:\/\/multilingual.catie.ca\/nm\/wp-json\/wp\/v2\/media?parent=3020"}],"curies":[{"name":"wp","href":"https:\/\/api.w.org\/{rel}","templated":true}]}}