{"id":1042,"date":"2024-12-06T16:24:05","date_gmt":"2024-12-06T21:24:05","guid":{"rendered":"https:\/\/catie.swooncreative.ca\/syphilis\/"},"modified":"2025-07-11T17:54:14","modified_gmt":"2025-07-11T21:54:14","slug":"syphilis","status":"publish","type":"page","link":"https:\/\/multilingual.catie.ca\/nm\/syphilis\/","title":{"rendered":"Syphilis"},"content":{"rendered":"\n<h2 class=\"wp-block-heading\">Nistam ta kiskihtamin<\/h2>\n\n\n\n<ul class=\"wp-block-list\">\n<li>K\u00eespin nimw\u00ee kin\u00e2tawih\u00een, mac\u00e2spin\u00eawin \u00f4ma Syphilis, ayowak ka ati may\u00e2y\u00e2n m\u00eena kahkosin. M\u00e2ka kiskiht\u00e2kwan \u00f4ma Syphilis kak\u00ee n\u00e2tawihikawin ta miy\u00f6y\u00e2yin anihi l\u00ee pilil ahp\u00f4 kotaka k\u00eekw\u00e2sa antibiotics isihk\u00e2tamwak ka m\u00eekawin.<\/li>\n\n\n\n<li>Syphilis &nbsp;\u00f4ma mah m\u00eetowak anikik k\u00e2 wihp\u00eem\u2019tocik, k\u00e2 nohkw\u00e2titocik, k\u00e2 masow\u00eecik, ahp\u00f4 k\u00e2 pohc\u2019sk\u00eehotocik.<\/li>\n\n\n\n<li>Syphilis \u00f4ma iskw\u00eaw k\u00e2 ahc\u00eesot as\u00f4skamow\u00eaw ob\u00eeb\u00eesima, ahp\u00f4 m\u00eekw\u00e2c k\u00e2 niht\u00e2wakit b\u00eeb\u00eesis.<\/li>\n\n\n\n<li>Mihc\u00e5t k\u00eekwaya ast\u00eawa ta nakinamin ahp\u00f4 k\u00e2y ta \u00e2s\u00f4skam\u00e2kiyin \u00f4ma mac\u00e2spin\u00eawin Syphilis.<\/li>\n\n\n\n<li>mwihk\u00e2c ka kiskiht\u00een \u00ee ay\u00e2yin \u00f4ma Syphilis poko maskihk\u00eew\u00een\u00f4 ta w\u00e2pamit \u00eakwa ta kihcin\u00e2hocik.<\/li>\n<\/ul>\n\n\n\n<p><strong>Ahkami ayamihcik\u00ee k\u00eespin ayow\u00e2k kinoht\u00ee kiskiht\u00een \u00f4ma Syphilis ohci.<\/strong><\/p>\n\n\n\n<h2 class=\"wp-block-heading\">K\u00eekw\u00eay m\u00e2ka \u00f4ma mac\u00e2spin\u00eawin Syphilis?<\/h2>\n\n\n\n<p>Syphilis \u00f4ma k\u00e2 isihk\u00e2t\u00eek, animatowa (STI) isihk\u00e2tamwak mihc\u00e5t mac\u00e2spin\u00eawina k\u00e2 \u00e2yim\u00f4tahkw\u00e2w l\u00ee dokt\u00e5rr, mitoni \u00ee apis\u00eesit man\u2019c\u00f4sis bacteria isihk\u00e2t\u00eawak k\u00e2 it\u00f4ta \u00f4ma. Mihc\u00e5t ay\u2019s\u00een\u00f4 k\u00e2y\u00e2tw\u00e2w \u00f4ma Syphilis, nimw\u00ee kiskihtamwak, nimw\u00ee m\u00f4siht\u00e2wak. Nistam k\u00e2 otihtikoyin, ki omik\u00e2n apisis, nimw\u00ee ka w\u00eesakiht\u00een, t\u00e2n\u2019ta anima k\u00e2 m\u00e2ci mac\u00e2spiniyin (d\u00e2\u0148 t\u00f4 kol\u00f4, ta koy\u00e5rr, t\u00f4 darr\u2019y\u00e5rr, ahp\u00f4 kit\u00f4nihk). K\u00eespin nimw\u00ee kin\u00e2tawihison, kotak k\u00eekwaya ta m\u00e2ci n\u00f4kwanwa, piyakwan m\u00f4skipayowin, kit\u00eestikw\u00e2n\u00e2n, t\u00ee shav\u00ee pahkihtinwa, m\u00e2ka \u00f4hi namatakop\u00eayinwa piyak n\u00eeso p\u00eesim m\u00e2na.<\/p>\n\n\n\n<p>m\u00e2ka piskihta, k\u00eespin nimw\u00ee kin\u00e2tawih\u00een \u00f4ma Sypkilis kimiyawihk ast\u00eaw piyakwan pihcip\u00f4winis \u00ee k\u00e2s\u00f4maka \u00eakwa ati n\u00eek\u00e2n ta misinaw\u00e2ciht\u00e2w \u00e2tiht anihi m\u00f4siht\u00e2win k\u00e2 pam\u2019nahkw\u00e2w, nervous system isihk\u00e2tamwak m\u00eena kotakak kitak\u2019siya, \u00eakos\u00eesi k\u00eekw\u00e2sa ka m\u00e2ci pakam\u2019sk\u00e2kon \u00f4hi ayow\u00e2k ta kost\u00e2tikwan.<\/p>\n\n\n\n<p>T\u00e2pw\u00ee kak\u00ee miy\u00f6y\u00e2n k\u00eespin Syphilis kitay\u00e2n, anihi antibiotics isihk\u00e2tamwak \u00e2paciht\u00e2wak. \u00d4ma k\u00e2 n\u00e2tawihikawiyin, nakinam ahkos\u00f4win \u00eakwa nimw\u00ee kotak awiyak kak\u00ee \u00e2s\u00f4skamow\u00e2w.<\/p>\n\n\n\n<h2 class=\"wp-block-heading\">T\u00e2n\u2019s\u00eesi m\u00e2ka ay\u2019s\u00een\u00f4 \u00ee ohtihtikot \u00f4ma Syphilis \u00eakwa t\u00e2n\u2019s\u00eesi kak\u00ee kipihtin\u00eenaw?<\/h2>\n\n\n\n<p>Syphilis &nbsp;\u00f4ma mah m\u00eetowak anikik k\u00e2 wihp\u00eem\u2019tocik, k\u00e2 masow\u00eecik, k\u00e2 pohc\u2019sk\u00eehotocik, m\u00eena k\u00e2 nohkw\u00e2titocik.<\/p>\n\n\n\n<p>Syphilis \u00f4ma wihcasin iskw\u00eaw k\u00e2 ahc\u00eesot ta as\u00f4skamow\u00e2t ob\u00eeb\u00eesima ahp\u00f4 m\u00eekw\u00e2c k\u00e2 niht\u00e2wakit b\u00eeb\u00eesis.<\/p>\n\n\n\n<p>\u00f4ma mac\u00e2spin\u00eawin Syphilis \u00e2s\u00f4skam\u00e2towak anikik k\u00e2 m\u00e2mawi c\u00eestahosotw\u00e2w, maci maskihk\u00eesa k\u00e2 pihtikw\u00eew\u00eepahahkw\u00e2w l\u00ee zikw\u00ee ahci, m\u00e2ka nimw\u00ee mw\u00e2si \u00f4ma k\u00e2 ispayik.<\/p>\n\n\n\n<p>namak\u00eekw\u00eay ast\u00eaw maskihk\u00ee anima vaccine k\u00e2 isihk\u00e2tahkw\u00e2w ta nakina \u00f4ma Syphilis, \u00eakohci \u00f4ma poko ta piskihtamin, kwayes ta pisk\u00eem\u2019soyin, kiya tipiyaw kipam\u2019n\u00een \u00f4ma. &nbsp;<\/p>\n\n\n\n<p>Mihc\u00e5t k\u00eekwaya ast\u00eawa ta nakinamin \u00f4ma Syphilis:<\/p>\n\n\n\n<ul class=\"wp-block-list\">\n<li>kwayes t\u00e2pamoht\u00e2 anihi l\u00ee cirrabarr p\u00e2mw\u00ees \u00f4ma k\u00e2 w\u00ee mohkiciyin.<\/li>\n\n\n\n<li>\u00f4ma doxycycline isihk\u00e2t\u00eaw, animatowa antibiotic \u00f4ma \u00eakwa anikik poko ka atosk\u00e2tahkw\u00e2w maskihk\u00ee ka m\u00eekwak l\u2019ci pap\u00ee (\u00e2skaw doxy-prevention isihk\u00e2tamwak)<\/li>\n\n\n\n<li>k\u00eespin kim\u00f4wiht\u00een \u00ee kahcitinamin \u00f4ma Syphilis, s\u00eem\u00e2k maskihk\u00eew\u00een\u00f4 w\u00e2pam\u00e2, kihcin\u00e2ho m\u00eena n\u00e2tawihikawi p\u00e2m\u2019w\u00ees ta \u00e2s\u00f4skamowit ana k\u00e2 wihp\u00eemit.<\/li>\n\n\n\n<li>k\u00eespin kic\u00eestahoson maci maskihk\u00eesa ahci, k\u00e2y kotak awiyak ahci \u00e2paciht\u00e2 m\u00eena osk\u00e2yi l\u00ee zikw\u00ee \u00e2paciht\u00e2 t\u00e2pitaw.<\/li>\n<\/ul>\n\n\n\n<h2 class=\"wp-block-heading\">T\u00e2n\u2019s\u00eesi na\u2019kiskiht\u00een \u00ee pakam\u2019sk\u00e2koy\u00e2n \u00f4ma Syphilis?<\/h2>\n\n\n\n<p>Mihc\u00e5t ay\u2019s\u00een\u00f4 k\u00e2y\u00e2tw\u00e2w \u00f4ma SYPHILIS nimw\u00ee m\u00f4siht\u00e2wak. <strong>Kak\u00ee pakam\u2019sk\u00e2kon \u00f4ma SYPHILIS \u00eakwa nimw\u00ee ahp\u00f4 kik\u2019skiht\u00een ahp\u00f4 ka m\u00f4siht\u00e2n.<\/strong><\/p>\n\n\n\n<p>nimw\u00ee kim\u00f4siht\u00e2n, kik\u2019skiht\u00een, k\u00eespin kitay\u00e2n \u00f4ma Syphilis, maskihk\u00eew\u00een\u00f4 nidaw w\u00e2pam\u00e2 ta kihcin\u00e2hoyin.<\/p>\n\n\n\n<p>Kw\u00eecim\u00e2 awiyak k\u00e2 atosk\u00eet d\u00e2\u0148 lapit\u00e2l ta miyis anima m\u00e2na k\u00e2 kihcin\u00e2hotw\u00e2w k\u00eespin SYPHILIS kitay\u00e2n. K\u00ees\u00e2c m\u00eena kak\u00ee kihcin\u00e2hon k\u00eespin kotakak mac\u00e2spin\u00eawina kitay\u00e2n piyakwan gonorrhea, chlamydia, hepatitis B, m\u00eena hepatitis C. &nbsp;&nbsp;<\/p>\n\n\n\n<h2 class=\"wp-block-heading\">Kak\u00ee miy\u00f6y\u00e2n c\u00ee k\u00eespin kipakam\u2019sk\u00e2kon Syphilis?<\/h2>\n\n\n\n<p>T\u00e2pw\u00ee ay\u00e2yini \u00f4ma Syphilis kak\u00ee miy\u00f6y\u00e2n. \u00c2paciht\u00e2wak anihi antibiotics k\u00e2 isihk\u00e2tahkw\u00e2w, \u00e2skaw kim\u00e2yisk\u00e2kon l\u00ee pilil ahp\u00f4 maskihk\u00ee m\u00e2ka nimw\u00ee t\u00e2pitaw.&nbsp;&nbsp;<\/p>\n\n\n\n<p>k\u00eespin kitay\u00e2n \u00f4ma Syphilis, p\u00eek\u2019skw\u00e2t\u00e2 awiyak k\u00e2 atosk\u00e2ta maskihkiya, ta wayasow\u00e2tam\u00eek t\u00e2n\u2019s\u00eesi ta n\u00e2tawihikawiyin. W\u00eepac\u00ees ta m\u00e2ciht\u00e2yin, ta miy\u00f6sin \u00f4ma ta miy\u00f6y\u00e2yin.<\/p>\n\n\n\n<h2 class=\"wp-block-heading\">K\u00e2w\u00ee c\u00ee na pakam\u2019sk\u00e2kon \u00f4ma Syphilis?<\/h2>\n\n\n\n<p>k\u00eespin s\u00e2s\u00eay kik\u00ee ay\u00e2n \u00f4ma Syphilis, \u00eakwa \u00ee miy\u00f6y\u00e2yin, nimw\u00ee kis\u00eepin\u00e2n. K\u00e2w\u00ee kak\u00ee ahkosin k\u00eespin ki wihp\u00eem\u00e2w awiyak k\u00e2y\u00e2t \u00f4ma mac\u00e2spin\u00eawin.<\/p>\n\n\n\n<p>m\u00e2ka k\u00e2w\u00ee kak\u00ee n\u00e2tawihikawin ta miy\u00f6y\u00e2yin.<\/p>\n\n\n\n<h2 class=\"wp-block-heading\">B\u00eeb\u00eesis c\u00ee nikak\u00ee \u00e2s\u00f4skamow\u00e2w \u00f4ma Syphilis?<\/h2>\n\n\n\n<p>Syphilis \u00f4ma wihcasin iskw\u00eaw k\u00e2 ahc\u00eesot m\u00e2na as\u00f4skamow\u00eaw ob\u00eeb\u00eesima ahp\u00f4 m\u00eekw\u00e2c k\u00e2 niht\u00e2wakit b\u00eeb\u00eesis. \u00d4ma k\u00e2 ispayik, congenital syphilis isihk\u00e2tamwak. \u00d4ma congenital syphilis sohkan b\u00eeb\u00eesis nohtaw ka wanih\u00e2w, ahp\u00f4 ta p\u00f4ni pim\u00e2tis\u00f4 niht\u00e2wakici. Aw\u00e2sisak k\u00e2 niht\u00e2wikitw\u00e2w \u00f4ma Syphilis ahci kwayes ahkos\u00f4wina nan\u00e2tohk k\u00eekwaya ta pakam\u2019sk\u00e2kowak ati ohpikitw\u00e2wi.<\/p>\n\n\n\n<p>k\u00eespin kitahc\u00eeson ahp\u00f4 kim\u00e2m\u2019toniht\u00een \u00eew\u00ee ahc\u00eesoyin, kihcin\u00e2ho k\u00e2y \u00ee ay\u00e2yin \u00f4ma Syphilis. K\u00eespin m\u00eekw\u00e2c k\u00e2 ahc\u00eesoyin kim\u00f4wiht\u00een \u00f4ma Syphilis, t\u00e2pitaw kihcin\u00e2ho. <strong>K\u00eespin miskamwak \u00ee ay\u00e2yin Syphilis, s\u00eem\u00e2k n\u00e2tawihikawi k\u00e2y ta \u00e2s\u00f4skam\u00f4wit b\u00eeb\u00eesis.<\/strong><\/p>\n\n\n\n<h2 class=\"wp-block-heading\">T\u00e2nt\u00ee m\u00e2ka nikak\u00ee w\u00eecihokawin Syphilis kici?<\/h2>\n\n\n\n<p>p\u00eek\u2019skw\u00e2t\u00e2 maskihk\u00eew\u00een\u00f4 k\u00e2 atosk\u00e2ta \u00f4ma Syphilis.<\/p>\n\n\n\n<p>natona \u00f4ta ta w\u00eecihikoyin Syphilis kici kisow\u00e2k \u00eakota k\u00e2 w\u00eekiyin, \u00f4ta itoht\u00ee d\u00e2l internet. <a href=\"https:\/\/whereto.catie.ca\"><u>https:\/\/whereto.catie.ca<\/u><\/a>.&nbsp;<\/p>\n","protected":false},"excerpt":{"rendered":"<p>Nistam ta kiskihtamin Ahkami ayamihcik\u00ee k\u00eespin ayow\u00e2k kinoht\u00ee kiskiht\u00een \u00f4ma Syphilis ohci. K\u00eekw\u00eay m\u00e2ka \u00f4ma mac\u00e2spin\u00eawin Syphilis? Syphilis \u00f4ma k\u00e2 isihk\u00e2t\u00eek, animatowa (STI) isihk\u00e2tamwak mihc\u00e5t mac\u00e2spin\u00eawina k\u00e2 \u00e2yim\u00f4tahkw\u00e2w l\u00ee dokt\u00e5rr, mitoni \u00ee apis\u00eesit man\u2019c\u00f4sis bacteria isihk\u00e2t\u00eawak k\u00e2 it\u00f4ta \u00f4ma. Mihc\u00e5t ay\u2019s\u00een\u00f4 k\u00e2y\u00e2tw\u00e2w \u00f4ma Syphilis, nimw\u00ee kiskihtamwak, nimw\u00ee m\u00f4siht\u00e2wak. Nistam k\u00e2 otihtikoyin, ki omik\u00e2n apisis, nimw\u00ee [&hellip;]<\/p>\n","protected":false},"author":1,"featured_media":0,"parent":0,"menu_order":0,"comment_status":"closed","ping_status":"closed","template":"","meta":{"footnotes":""},"class_list":["post-1042","page","type-page","status-publish","hentry"],"acf":[],"_links":{"self":[{"href":"https:\/\/multilingual.catie.ca\/nm\/wp-json\/wp\/v2\/pages\/1042","targetHints":{"allow":["GET"]}}],"collection":[{"href":"https:\/\/multilingual.catie.ca\/nm\/wp-json\/wp\/v2\/pages"}],"about":[{"href":"https:\/\/multilingual.catie.ca\/nm\/wp-json\/wp\/v2\/types\/page"}],"author":[{"embeddable":true,"href":"https:\/\/multilingual.catie.ca\/nm\/wp-json\/wp\/v2\/users\/1"}],"replies":[{"embeddable":true,"href":"https:\/\/multilingual.catie.ca\/nm\/wp-json\/wp\/v2\/comments?post=1042"}],"version-history":[{"count":17,"href":"https:\/\/multilingual.catie.ca\/nm\/wp-json\/wp\/v2\/pages\/1042\/revisions"}],"predecessor-version":[{"id":2556,"href":"https:\/\/multilingual.catie.ca\/nm\/wp-json\/wp\/v2\/pages\/1042\/revisions\/2556"}],"wp:attachment":[{"href":"https:\/\/multilingual.catie.ca\/nm\/wp-json\/wp\/v2\/media?parent=1042"}],"curies":[{"name":"wp","href":"https:\/\/api.w.org\/{rel}","templated":true}]}}