{"id":1034,"date":"2024-12-06T16:23:57","date_gmt":"2024-12-06T21:23:57","guid":{"rendered":"https:\/\/catie.swooncreative.ca\/hiv\/"},"modified":"2026-02-18T12:19:04","modified_gmt":"2026-02-18T17:19:04","slug":"hiv","status":"publish","type":"page","link":"https:\/\/multilingual.catie.ca\/nm\/hiv\/","title":{"rendered":"HIV"},"content":{"rendered":"\n<h2 class=\"wp-block-heading\">Nistam ta kiskihtamin<\/h2>\n\n\n\n<ul class=\"wp-block-list\">\n<li>HIV \u00f4ma k\u00e2 isihk\u00e2t\u00eek, \u00ee misinaw\u00e2ciht\u00e2t anihi k\u00eekw\u00e2s k\u00e2 n\u00e2tawihikoyin m\u00e2na k\u00e2 ahkosiyin, immune system isihk\u00e2t\u00eaw. M\u00e2ka kiskiht\u00e2kwan \u00f4ma ta piskihtamin, ta n\u00e2tawihikawiyin, awiyak k\u00e2 pakam\u2019sk\u00e2kot \u00f4ma HIV kinw\u00e5s tak\u00ee pim\u00e2tis\u00f4.<\/li>\n\n\n\n<li>HIV \u00f4ma kak\u00ee kahcitin\u00een\/\u00e2s\u00f4skam\u00e2k\u00e2n k\u00eespin awiyak omihkom kim\u00eekawin, n\u00e2p\u00eaw op\u00e2skisik\u00eawin\u00e2p\u00ee, ahp\u00f4 iskw\u00eaw lakoy\u00e5rr os\u00e2pop\u00eawin, t\u00f4 darr\u2019y\u00e5rr ka wayaw\u00eecowa m\u00eena otoht\u00f4sho dilet \u00e2s\u00eay k\u00e2 ast\u00eek HIV.<\/li>\n\n\n\n<li>Mihc\u00e5t k\u00eekwaya ast\u00eawa ta nakinamin ahp\u00f4 k\u00e2y ta \u00e2s\u00f4skam\u00e2kiyin HIV. nimw\u00ee kim\u00f4siht\u00e2n, kik\u2019skiht\u00een, k\u00eespin kitay\u00e2n \u00f4ma HIV, maskihk\u00eew\u00een\u00f4 nidaw w\u00e2pam\u00e2 ta kihcin\u00e2hoyin.<\/li>\n<\/ul>\n\n\n\n<p><strong>Ahkami ayamihcik\u00ee k\u00eespin ayow\u00e2k kinoht\u00ee kiskiht\u00een \u00f4ma HIV ohci.<\/strong><\/p>\n\n\n\n<h2 class=\"wp-block-heading\">K\u00eekw\u00eay m\u00e2ka \u00f4ma HIV?<\/h2>\n\n\n\n<p>HIV \u00f4ma k\u00e2 isihk\u00e2t\u00eek, Human Immunodeficiency Virus isihk\u00e2tamwak k\u00e2 akay\u00e2s\u00eemoyin. HIV \u00f4ma piyakwan animatowa man\u2019c\u00f4sis \u00ee misinaw\u00e2ciht\u00e2t anima m\u00e2na k\u00e2 w\u00eecihikoyin k\u00e2y ta ahkosiyin, immune system isihk\u00e2t\u00eaw. Ta miy\u00f6sik poko \u00f4ma Immune System ta miy\u00f6y\u00e2yin.<\/p>\n\n\n\n<p>k\u00eespin nimw\u00ee kin\u00e2tawih\u00een, HIV \u00f4ma ati misinaw\u00e2ciht\u00e2w t\u00f4 immune system. Omisi k\u00e2 ispayik, kimiyaw ati iy\u00eekicik\u00e2win ta n\u00f4tina, ta nakina ahkos\u00f4wina ahp\u00f4 k\u00e2 mirriy\u00f4payik n\u00e2ntaw ita. \u00d4ma k\u00e2 t\u00e2wahikoyin, AIDS isihk\u00e2tamwak, (Acquired Immune Deficiency Syndrome) ta akay\u00e2s\u00eemoyin.<\/p>\n\n\n\n<p>miy\u00f6sin \u00eakwa maskihk\u00ee, anikik \u00f4ma HIV k\u00e2y\u00e2tw\u00e2w, kinw\u00e5s ta pim\u00e2t\u2019sicik m\u00eena os\u00e2m poko ta miy\u00f6y\u00e2cik.<\/p>\n\n\n\n<h2 class=\"wp-block-heading\">T\u00e2n\u2019s\u00eesi m\u00e2ka ay\u2019s\u00een\u00f4 \u00ee ohtihtikot \u00f4ma HIV \u00eakwa t\u00e2n\u2019s\u00eesi kak\u00ee kipihtin\u00een?<\/h2>\n\n\n\n<p>HIV \u00f4ma kak\u00ee kahcitin\u00een\/\u00e2s\u00f4skam\u00e2k\u00e2n k\u00eespin awiyak omihkom kim\u00eekawin, n\u00e2p\u00eaw op\u00e2skisik\u00eawin\u00e2p\u00ee, iskw\u00eaw lakoy\u00e5rr os\u00e2pop\u00eawin, t\u00f4 darr\u2019y\u00e5rr ka wayaw\u00eecowa, m\u00eena otoht\u00f4sho dilet s\u00e2s\u00eay k\u00e2 ast\u00eek \u00f4ma HIV.<\/p>\n\n\n\n<p>HIV \u00f4ma mah m\u00eetowak anikik k\u00e2 wihp\u00eem\u2019tocik, m\u00eena anikik k\u00e2 m\u00e2mawi c\u00eestahosotw\u00e2w, maci maskihk\u00eesa k\u00e2 pihtikw\u00eew\u00eepahahkw\u00e2w l\u00ee zikw\u00ee ahci. M\u00e2ka kiskiht\u00e2kwan k\u00eespin awiyak ay\u00e2w \u00f4ma HIV, \u00eakwa n\u00e2tawih\u00e2w, nimw\u00ee tak\u00ee \u00e2s\u00f4skamow\u00eaw ow\u00eec\u00eew\u00e2kana.<\/p>\n\n\n\n<p>m\u00eena HIV \u00f4ma kak\u00ee \u00e2s\u00f4skam\u00e2k\u00e2n:&nbsp;&nbsp;<\/p>\n\n\n\n<ul class=\"wp-block-list\">\n<li>iskw\u00eaw k\u00e2 ahc\u00eesot, as\u00f4skamow\u00eaw ob\u00eeb\u00eesima, ahp\u00f4 m\u00eekw\u00e2c k\u00e2 niht\u00e2wakit b\u00eeb\u00eesis, m\u00eena k\u00e2 n\u00f4nit.<\/li>\n\n\n\n<li>t\u00e2paciht\u00e2yin \u00ee w\u00eep\u00e2tahkw\u00e2w anihi l\u00ee cizikw\u00ee k\u00e2 masinatahisocik ahp\u00f4 at\u00e2m wasakahk k\u00e2st\u00e2cik k\u00eekwaya. &nbsp;<\/li>\n<\/ul>\n\n\n\n<p>nimw\u00ee \u00eakwa HIV kak\u00ee kacitin\u00een k\u00eespin mihko kim\u00eekawin ayis Maskihk\u00eaw\u00een\u00f4wak \u00f4ta Canada k\u00ee m\u00e2ci kihcin\u00e2howak namak\u00eekw\u00eay \u00ee ast\u00eek \u00f4ma HIV mihkohk, 1985 k\u00e2 m\u00e2ci kihcin\u00e2hocik.<\/p>\n\n\n\n<p>m\u2019wihk\u00e2c kak\u00ee kahcitin\u00een \u00f4ma HIV k\u00eespin kikaskitikw\u00een\u00e2w ay\u2019s\u00een\u00f4, ki oc\u00eem\u00e2w ahp\u00f4 kiw\u00e2c\u00eem\u00e2w, ahp\u00f4 c\u00ee d\u00e2l cim\u2019l\u00ee apiyini, l\u00ee pohrrt p\u00eemin\u2019kan\u2019sa ta m\u00e2siht\u00e2yin ahp\u00f4 l\u00ee zasyet.<\/p>\n\n\n\n<p>namak\u00eekw\u00eay ast\u00eawa maskihk\u00eesa anihi vaccines k\u00e2 isihk\u00e2tahkw\u00e2w ta nakina \u00f4ma HIV, \u00eakohci \u00f4ma poko ta piskihtamin, kwayes ta pisk\u00eem\u2019soyin.&nbsp;<\/p>\n\n\n\n<p>Mihc\u00e5t k\u00eekwaya ast\u00eawa ta nakinamin \u00f4ma HIV:<\/p>\n\n\n\n<ul class=\"wp-block-list\">\n<li>t\u00e2pitaw \u00e2paciht\u00e2 l\u00ee cirrabarr m\u00e2na k\u00e2 mohkiciyin awiyak ahci.<\/li>\n\n\n\n<li>T\u00e2pitaw \u00e2paciht\u00e2 osk\u00e2yi \u00e2pacihcikanisa, osk\u00e2yi l\u00ee zikw\u00ee m\u00e2na k\u00e2 c\u00eestahosoyin maci maskihk\u00eesa ahci.<\/li>\n\n\n\n<li>\u00f4ma PrEP (Pre-Exposure Prophylaxis) k\u00e2 isihk\u00e2t\u00eek, maskihk\u00ee \u00f4ma anikik k\u00e2y HIV k\u00e2y\u00e2tw\u00e2w ta otinahkw\u00e2w t\u00e2pitaw.<\/li>\n\n\n\n<li>\u00f4ma PrEP (Pre-Exposure Prophylaxis) k\u00e2 isihk\u00e2t\u00eek, maskihk\u00ee \u00f4ma anikik k\u00e2y HIV k\u00e2y\u00e2tw\u00e2w tak\u00ee otinahkw\u00e2w p\u00e2mw\u00ees t\u00eepakohpomitanaw n\u00eesos\u00e2p tipahikan k\u00eesipayin k\u00e2 itihtahkw\u00e2w \u00ee \u00e2s\u00f4skam\u00e2kawicik \u00f4ma HIV.&nbsp;<\/li>\n\n\n\n<li>t\u00e2paciht\u00e2yin \u00ee miy\u00f6sik maskihk\u00ee \u00f4ma HIV kici m\u00eekw\u00e2c \u00ee ahc\u00eesoyin.<\/li>\n\n\n\n<li>b\u00eeb\u00eesis ta minahit anima dilet formula k\u00e2 isihk\u00e2t\u00eek. M\u00e2ka k\u00eespin kwayes l\u2019dokt\u00e5rr kin\u00e2katohk\u00e2k, \u00e2tiht iskw\u00eawak tak\u00ee n\u00f4h\u00e2wasowak k\u00eespin omisi noht\u00ee it\u00f4tamwak.<\/li>\n<\/ul>\n\n\n\n<h2 class=\"wp-block-heading\">T\u00e2n\u2019s\u00eesi nakiskiht\u00een \u00ee pakam\u2019sk\u00e2koy\u00e2n \u00f4ma HIV.<\/h2>\n\n\n\n<p>Mihc\u00e5t ay\u2019s\u00een\u00f4 k\u00e2y\u00e2tw\u00e2w \u00f4ma HIV nimw\u00ee m\u00f4siht\u00e2wak mihc\u00e5t ask\u00ee, m\u00e2ka kiy\u00e2pic m\u00e2na man\u2019c\u00f4sis misinaw\u00e2ciht\u00e2w anima immune system k\u00e2 itahkw\u00e2w. <strong>Kak\u00ee pakam\u2019sk\u00e2kon \u00f4ma HIV \u00eakwa nimw\u00ee ahp\u00f4 kik\u2019skiht\u00een ahp\u00f4 ka m\u00f4siht\u00e2n.<\/strong><\/p>\n\n\n\n<p>mwihk\u00e2c ka kiskiht\u00een \u00ee ay\u00e2yin \u00f4ma HIV poko maskihk\u00eew\u00een\u00f4 ta w\u00e2pamit \u00eakwa ta kihcin\u00e2hocik.<\/p>\n\n\n\n<p>Kw\u00eecim\u00e2 maskihk\u00eew\u00een\u00f4 d\u00e2\u0148 lapit\u00e2l ta miyis anima m\u00e2na k\u00e2 kihcin\u00e2hotw\u00e2w k\u00eespin HIV kitay\u00e2n. K\u00ees\u00e2c m\u00eena kak\u00ee kihcin\u00e2hon k\u00eespin kotakak mac\u00e2spin\u00eawina kitay\u00e2n piyakwan \u00f4hi hepatitis B \u00eakwa C, m\u00eena anima syphilis.<\/p>\n\n\n\n<h2 class=\"wp-block-heading\">Kak\u00ee miy\u00f6y\u00e2n c\u00ee k\u00eespin kipakam\u2019sk\u00e2kon HIV?<\/h2>\n\n\n\n<p>Namak\u00eekw\u00eay maskihk\u00ee ast\u00eaw ta n\u00e2tawiha \u00f4ma HIV, m\u00e2ka k\u00eespin kwayes kin\u00e2tawihikawin m\u00eena kipisk\u00eem\u2019son, ay\u2019s\u00een\u00f4 k\u00e2 pakamsk\u00e2kot HIV kinw\u00e5s tak\u00ee pim\u00e2tis\u00f4 m\u00eena ta miy\u00f6y\u00e2w.<\/p>\n\n\n\n<p>HIV \u00f4ma n\u00e2tawihow\u00eawin ayow\u00e2k kiskihtamwak aspin ohci. K\u00e2 n\u00e2tawihikawiyin kwayes miy\u00f6sin, sohkan, m\u00e2ka \u00e2skaw m\u00eena kim\u00e2yisk\u00e2kon l\u00ee pilil ahp\u00f4 maskihk\u00ee m\u00e2ka nimw\u00ee t\u00e2pitaw.<\/p>\n\n\n\n<p>k\u00eespin kitay\u00e2n \u00f4ma HIV p\u00eek\u2019skw\u00e2t\u00e2 awiyak k\u00e2 atosk\u00e2ta maskihkiya, ta wayasow\u00e2tam\u00eek t\u00e2n\u2019s\u00eesi ta n\u00e2tawihikawiyin. W\u00eepac\u00ees ta m\u00e2ciht\u00e2yin, ta miy\u00f6sin \u00f4ma ta miy\u00f6y\u00e2yin.<\/p>\n\n\n\n<h2 class=\"wp-block-heading\">T\u00e2n\u2019s\u00eesi kik\u2019skiht\u00een k\u00eespin HIV ahp\u00f4 \u00f4ma AIDS?<\/h2>\n\n\n\n<p>HIV \u00f4ma k\u00e2 isihk\u00e2t\u00eek, animatowa man\u2019c\u00f4sis \u00ee misinaw\u00e2ciht\u00e2t anima k\u00e2 w\u00eecihikoyin k\u00e2y ta ahkosiyin, t\u00f4 immune system isihk\u00e2t\u00eaw. K\u00eepsin ayow\u00e2k ati misinaw\u00e2ciht\u00e2w \u00f4ma immune system kimiyaw \u00eakwa nimw\u00ee k\u00ee n\u00f4tinam ahkos\u00f4wina, \u00f4ma AIDS isihk\u00e2t\u00eaw. Piyakwan ayow\u00e2k \u00ee ati pakam\u2019sk\u00e2koyin \u00f4ma HIV. \u00a0M\u00e2ka k\u00eespin kwayes kin\u00e2tawihikawin \u00eakwa kipisk\u00eem\u2019son, \u00a0kiskiht\u00e2kwan \u00f4ma mihc\u00e5t ay\u2019s\u00een\u00f4 HIV k\u00e2y\u00e2tw\u00e2w, <strong>kinw\u00e5s pim\u00e2t\u2019sowak m\u00eena os\u00e2m poko<\/strong> <strong>miy\u00f6y\u00e2wak \u00eakwa nimw\u00ee wihk\u00e2c pakam\u2019sk\u00e2kowak \u00f4ma AIDS.<\/strong><\/p>\n\n\n\n<h2 class=\"wp-block-heading\">T\u00e2nt\u00ee m\u00e2ka nikak\u00ee w\u00eecihokawin HIV kici?<\/h2>\n\n\n\n<p>p\u00eek\u2019skw\u00e2t\u00e2 maskihk\u00eew\u00een\u00f4 k\u00e2 atosk\u00e2ta \u00f4ma HIV kihcin\u00e2howin ahp\u00f4 c\u00ee ta n\u00e2tawihikawiyin m\u00eena ta pisk\u00eem\u2019kawiyin.<\/p>\n\n\n\n<p>natona \u00f4ta ta w\u00eecihikoyin HIV kici kisow\u00e2k \u00eakota k\u00e2 w\u00eekiyin, \u00f4ta itoht\u00ee d\u00e2l internet. <a href=\"https:\/\/whereto.catie.ca\" target=\"_blank\" rel=\"noreferrer noopener\"><u>https:\/\/whereto.catie.ca<\/u><\/a>.<\/p>\n","protected":false},"excerpt":{"rendered":"<p>Nistam ta kiskihtamin Ahkami ayamihcik\u00ee k\u00eespin ayow\u00e2k kinoht\u00ee kiskiht\u00een \u00f4ma HIV ohci. K\u00eekw\u00eay m\u00e2ka \u00f4ma HIV? HIV \u00f4ma k\u00e2 isihk\u00e2t\u00eek, Human Immunodeficiency Virus isihk\u00e2tamwak k\u00e2 akay\u00e2s\u00eemoyin. HIV \u00f4ma piyakwan animatowa man\u2019c\u00f4sis \u00ee misinaw\u00e2ciht\u00e2t anima m\u00e2na k\u00e2 w\u00eecihikoyin k\u00e2y ta ahkosiyin, immune system isihk\u00e2t\u00eaw. Ta miy\u00f6sik poko \u00f4ma Immune System ta miy\u00f6y\u00e2yin. k\u00eespin nimw\u00ee kin\u00e2tawih\u00een, HIV [&hellip;]<\/p>\n","protected":false},"author":1,"featured_media":0,"parent":0,"menu_order":0,"comment_status":"closed","ping_status":"closed","template":"","meta":{"footnotes":""},"class_list":["post-1034","page","type-page","status-publish","hentry"],"acf":[],"_links":{"self":[{"href":"https:\/\/multilingual.catie.ca\/nm\/wp-json\/wp\/v2\/pages\/1034","targetHints":{"allow":["GET"]}}],"collection":[{"href":"https:\/\/multilingual.catie.ca\/nm\/wp-json\/wp\/v2\/pages"}],"about":[{"href":"https:\/\/multilingual.catie.ca\/nm\/wp-json\/wp\/v2\/types\/page"}],"author":[{"embeddable":true,"href":"https:\/\/multilingual.catie.ca\/nm\/wp-json\/wp\/v2\/users\/1"}],"replies":[{"embeddable":true,"href":"https:\/\/multilingual.catie.ca\/nm\/wp-json\/wp\/v2\/comments?post=1034"}],"version-history":[{"count":25,"href":"https:\/\/multilingual.catie.ca\/nm\/wp-json\/wp\/v2\/pages\/1034\/revisions"}],"predecessor-version":[{"id":3069,"href":"https:\/\/multilingual.catie.ca\/nm\/wp-json\/wp\/v2\/pages\/1034\/revisions\/3069"}],"wp:attachment":[{"href":"https:\/\/multilingual.catie.ca\/nm\/wp-json\/wp\/v2\/media?parent=1034"}],"curies":[{"name":"wp","href":"https:\/\/api.w.org\/{rel}","templated":true}]}}