{"id":361,"date":"2024-12-06T16:24:05","date_gmt":"2024-12-06T21:24:05","guid":{"rendered":"https:\/\/catie.swooncreative.ca\/syphilis\/"},"modified":"2025-03-13T14:45:27","modified_gmt":"2025-03-13T18:45:27","slug":"syphilis","status":"publish","type":"page","link":"https:\/\/multilingual.catie.ca\/it\/syphilis\/","title":{"rendered":"La sifilide"},"content":{"rendered":"\n<h2 class=\"wp-block-heading\">Introduzione<\/h2>\n\n\n\n<ul class=\"wp-block-list\">\n<li>La sifilide \u00e8 un\u2019infezione a trasmissione sessuale (ITS). Se non viene trattata, la sifilide pu\u00f2 portare a gravi problemi di salute. La buona notizia \u00e8 che la sifilide si pu\u00f2 curare con la terapia antibiotica.<\/li>\n\n\n\n<li>La sifilide \u00e8 solitamente trasmessa attraverso il contatto sessuale, sia rapporti sessuali orali, genitali, od anali.<\/li>\n\n\n\n<li>Una madre infetta pu\u00f2 facilmente trasmettere la sifilide al nascituro durante la gravidanza o il parto.<\/li>\n\n\n\n<li>Esistono delle modalit\u00e0 per prevenire il contagio o la trasmissione della sifilide.<\/li>\n\n\n\n<li>L\u2019unico modo per scoprire se si ha la sifilide \u00e8 di sottoporsi al test.<\/li>\n<\/ul>\n\n\n\n<p>Continua a leggere per le risposte alle domande comuni sulla sifilide.<\/p>\n\n\n\n<h2 class=\"wp-block-heading\">Che cos'\u00e8 la sifilide?<\/h2>\n\n\n\n<p>La sifilide \u00e8 un\u2019infezione a trasmissione sessuale (ITS) causata da un batterio. Molte persone con la sifilide non presentano sintomi evidenti. Subito dopo dal contagio della sifilide, pu\u00f2 comparire una piccola lesione indolore nelle zone del primo contatto (sui genitali, intorno l\u2019ano, o in bocca). Se l\u2019infezione non viene trattata, possono manifestarsi altri sintomi, come le lesioni cutanee, il mal di testa e la perdita di capelli, che solitamente scompaiono entro i primi mesi.<\/p>\n\n\n\n<p>Pertanto, la sifilide non curata rimane nel corpo e pu\u00f2 arrivare a danneggiare il sistema nervoso centrale e molteplici organi, causando gravi problemi di salute e potenzialmente mettendo a rischio la vita.<\/p>\n\n\n\n<p>La sifilide si pu\u00f2 curare con degli antibiotici, che prevengono ulteriori danni e impediscono che la sifilide venga trasmessa ad altre persone.<\/p>\n\n\n\n<h2 class=\"wp-block-heading\">Come si contrae la sifilide e come la si pu\u00f2 prevenire?<\/h2>\n\n\n\n<p>La sifilide \u00e8 trasmessa attraverso qualsiasi tipo di rapporto sessuale, sia genitale, che orale od anale.<\/p>\n\n\n\n<p>La sifilide \u00e8 facilmente trasmissibile da una donna incinta al bambino durante la gravidanza o il parto.<\/p>\n\n\n\n<p>La sifilide pu\u00f2 essere contratta anche:<\/p>\n\n\n\n<ul class=\"wp-block-list\">\n<li>tramite la condivisione di attrezzature utilizzate per l\u2019iniezione endovenosa di droghe, sebbene cio sia molto raro<\/li>\n\n\n\n<li>tramite donazioni di sangue o tessuti, per lo pi\u00f9 limitata ai Paesi in cui l\u2019apporto di sangue non sono adeguatamente testate per la sifilide (in Canada, le donazioni di sangue e tessuti sono state testate per la sifilide dal 1949.)<\/li>\n<\/ul>\n\n\n\n<p>Non esiste un vaccino per la sifilide, pertanto \u00e8 importante fare tutto il possibile per prevenire la &nbsp;malattia.<\/p>\n\n\n\n<p>Esistono delle modalit\u00e0 per prevenire la sifilide:<\/p>\n\n\n\n<ul class=\"wp-block-list\">\n<li>Utilizzare i preservativi sempre durante ogni rapporto sessuale, controllando che sia nel verso giusto.<\/li>\n\n\n\n<li>Assumere il farmaco doxiciclina, un antibiotico che deve essere somministrato da un professionista sanitario (noto anche come prevenzione-doxi).<\/li>\n\n\n\n<li>Se si pensa di essere stato esposto alla sifilide, farsi testare e curare immediatamente per evitare di trasmettere la sifilide al partner o ai partner sessuali.<\/li>\n\n\n\n<li>Se si fa uso di sostanze stupefacenti, non condividere aghi, siringhe o altri attrezzi per l\u2019iniezione. Utilizzare strumenti nuovi e sterili ogni volta che si inietta sostanze per via endovenosa.<\/li>\n<\/ul>\n\n\n\n<h2 class=\"wp-block-heading\">Come sapere se si ha la sifilide?<\/h2>\n\n\n\n<p>Molte persone affette da sifilide non presentano sintomi evidenti. Si pu\u00f2 avere la sifilide senza saperlo. L\u2019unico modo per individuare con certezza se si ha la sifilide \u00e8 di sottoporsi al test.<\/p>\n\n\n\n<p>Si chiede a un professionista sanitario di sottoporsi al test per la sifilide. \u00c8 opportuno anche chiedere di sottoporsi al test per altre infezioni contemporaneamente, tra cui HIV, gonorrea, clamidia, epatite B ed epatite C.<\/p>\n\n\n\n<h2 class=\"wp-block-heading\">La sifilide pu\u00f2 essere curata?<\/h2>\n\n\n\n<p>La sifilide si pu\u00f2 curare! La sifilide viene curata con degli antibiotici che hanno pochi o nessun effetto collaterale.<\/p>\n\n\n\n<p>Se si ha la sifilide, chiedere a un professionista sanitario quali sono le opzioni &nbsp;di trattamento. Prima si inizia il trattamento, meglio \u00e8 per la salute.<\/p>\n\n\n\n<h2 class=\"wp-block-heading\">Posso contrarre di nuovo la sifilide?<\/h2>\n\n\n\n<p>Avere avuto la sifilide in precedenza non ti rende immuni. <strong>S\u00ec pu\u00f2 contrarre la sifilide di nuovo se ne viene nuovamente in contatto.<\/strong><\/p>\n\n\n\n<p><strong>La buona notizia \u00e8 che la sifilide pu\u00f2 essere curata e guarita di nuovo.<\/strong><\/p>\n\n\n\n<h2 class=\"wp-block-heading\">\u00c8 possibile trasmettere la sifilide al bambino?<\/h2>\n\n\n\n<p>La sifilide pu\u00f2 essere trasmessa da una donna incinta al bambino durante la gravidanza o il parto. Questa \u00e8 chiamata sifilide congenita. La sifilide congenita pu\u00f2 causare l'aborto spontaneo o la morte del feto o del neonato. I bambini nati con la sifilide possono sviluppare problemi di salute molto gravi e disturbi dello sviluppo.<\/p>\n\n\n\n<p>Se sei incinta o hai intenzione di iniziare una gravidanza, sottoponiti al test per la sifilide. Se sei a rischio continuo di contrarre la sifilide, fai il test in modo continuativo durante la gravidanza. <strong>Se il test risulta positivo, inizia subito il trattamento per evitare di trasmettere la sifilide al tuo bambino.<\/strong><\/p>\n\n\n\n<h2 class=\"wp-block-heading\">Dove posso ottenere servizi per la sifilide?<\/h2>\n\n\n\n<p>Parla con un professionista sanitario della sifilide.<\/p>\n\n\n\n<p>Accedi ai servizi per la sifilide all\u2019indirizzo: <a href=\"https:\/\/whereto.catie.ca\" target=\"_blank\" rel=\"noreferrer noopener\"><u>https:\/\/whereto.catie.ca<\/u><\/a>.<\/p>\n","protected":false},"excerpt":{"rendered":"<p>Introduzione Continua a leggere per le risposte alle domande comuni sulla sifilide. Che cos'\u00e8 la sifilide? La sifilide \u00e8 un\u2019infezione a trasmissione sessuale (ITS) causata da un batterio. Molte persone con la sifilide non presentano sintomi evidenti. Subito dopo dal contagio della sifilide, pu\u00f2 comparire una piccola lesione indolore nelle zone del primo contatto (sui [&hellip;]<\/p>\n","protected":false},"author":1,"featured_media":0,"parent":0,"menu_order":0,"comment_status":"closed","ping_status":"closed","template":"","meta":{"footnotes":""},"class_list":["post-361","page","type-page","status-publish","hentry"],"acf":[],"_links":{"self":[{"href":"https:\/\/multilingual.catie.ca\/it\/wp-json\/wp\/v2\/pages\/361","targetHints":{"allow":["GET"]}}],"collection":[{"href":"https:\/\/multilingual.catie.ca\/it\/wp-json\/wp\/v2\/pages"}],"about":[{"href":"https:\/\/multilingual.catie.ca\/it\/wp-json\/wp\/v2\/types\/page"}],"author":[{"embeddable":true,"href":"https:\/\/multilingual.catie.ca\/it\/wp-json\/wp\/v2\/users\/1"}],"replies":[{"embeddable":true,"href":"https:\/\/multilingual.catie.ca\/it\/wp-json\/wp\/v2\/comments?post=361"}],"version-history":[{"count":9,"href":"https:\/\/multilingual.catie.ca\/it\/wp-json\/wp\/v2\/pages\/361\/revisions"}],"predecessor-version":[{"id":1258,"href":"https:\/\/multilingual.catie.ca\/it\/wp-json\/wp\/v2\/pages\/361\/revisions\/1258"}],"wp:attachment":[{"href":"https:\/\/multilingual.catie.ca\/it\/wp-json\/wp\/v2\/media?parent=361"}],"curies":[{"name":"wp","href":"https:\/\/api.w.org\/{rel}","templated":true}]}}