{"id":359,"date":"2024-12-06T16:24:05","date_gmt":"2024-12-06T21:24:05","guid":{"rendered":"https:\/\/catie.swooncreative.ca\/syphilis\/"},"modified":"2025-03-24T16:37:43","modified_gmt":"2025-03-24T20:37:43","slug":"syphilis","status":"publish","type":"page","link":"https:\/\/multilingual.catie.ca\/fr\/syphilis\/","title":{"rendered":"Syphilis"},"content":{"rendered":"\n<h2 class=\"wp-block-heading\">Introduction<\/h2>\n\n\n\n<ul class=\"wp-block-list\">\n<li>La syphilis est une infection transmissible sexuellement (ITS). Si elle n\u2019est pas trait\u00e9e, la syphilis peut entra\u00eener de graves probl\u00e8mes de sant\u00e9. La bonne nouvelle, c\u2019est qu\u2019elle peut \u00eatre gu\u00e9rie par des antibiotiques.<\/li>\n\n\n\n<li>La syphilis est g\u00e9n\u00e9ralement transmise lors de contacts sexuels, y compris les relations orales, vaginales et anales.<\/li>\n\n\n\n<li>La syphilis peut \u00e9galement \u00eatre transmise d\u2019une personne enceinte \u00e0 un\u00b7e enfant pendant la grossesse ou l\u2019accouchement.<\/li>\n\n\n\n<li>Il y a des moyens pour emp\u00eacher de contracter ou de transmettre la syphilis.<\/li>\n\n\n\n<li>Le seul moyen de savoir si vous avez la syphilis est de se faire tester.<\/li>\n<\/ul>\n\n\n\n<p><strong>D\u00e9couvrez les r\u00e9ponses aux questions les plus courantes sur la syphilis.<\/strong><\/p>\n\n\n\n<h2 class=\"wp-block-heading\">Qu\u2019est-ce que la syphilis?<\/h2>\n\n\n\n<p>La syphilis est une ITS caus\u00e9e par un type de bact\u00e9rie. De nombreuses personnes qui en sont atteintes ne remarquent aucun sympt\u00f4me. Peu apr\u00e8s l\u2019infection par la syphilis, une petite plaie indolore peut appara\u00eetre sur le site, dans le site ou autour du site de la premi\u00e8re exposition (p\u00e9nis, vagin, rectum ou bouche). D\u2019autres sympt\u00f4mes peuvent appara\u00eetre si l\u2019infection n\u2019est pas trait\u00e9e, tels que des \u00e9ruptions cutan\u00e9es, des maux de t\u00eate et une perte de cheveux, mais ceux-ci disparaissent g\u00e9n\u00e9ralement au cours des premiers mois.<\/p>\n\n\n\n<p>Il est important de noter que la syphilis non trait\u00e9e reste dans l\u2019organisme et peut finir par endommager le syst\u00e8me nerveux et les organes, entra\u00eenant de graves probl\u00e8mes de sant\u00e9 et pouvant mettre la vie en danger.<\/p>\n\n\n\n<p>La syphilis peut \u00eatre gu\u00e9rie gr\u00e2ce \u00e0 des antibiotiques. Ce traitement pr\u00e9vient l\u2019aggravation des dommages et emp\u00eache la transmission de l\u2019infection \u00e0 d\u2019autres personnes.<\/p>\n\n\n\n<h2 class=\"wp-block-heading\">Comment contracte-t-on la syphilis et comment peut-on la pr\u00e9venir?<\/h2>\n\n\n\n<p>La syphilis est g\u00e9n\u00e9ralement transmise lors de contacts sexuels, y compris les relations vaginales, frontales, anales et orales.<\/p>\n\n\n\n<p>Elle se transmet facilement d\u2019une personne enceinte \u00e0 un\u00b7e enfant pendant la grossesse ou l\u2019accouchement.<\/p>\n\n\n\n<p>La syphilis peut \u00e9galement \u00eatre transmise&nbsp;:<\/p>\n\n\n\n<ul class=\"wp-block-list\">\n<li>lors du partage de mat\u00e9riel d\u2019injection de drogues, bien que cela soit tr\u00e8s rare;<\/li>\n\n\n\n<li>par des dons de sang ou de tissus dans les pays o\u00f9 les stocks de sang ne sont pas test\u00e9s de mani\u00e8re ad\u00e9quate pour v\u00e9rifier la pr\u00e9sence de syphilis (le Canada a commenc\u00e9 \u00e0 v\u00e9rifier la pr\u00e9sence de syphilis dans les dons de sang en 1949 et effectue des tests de syphilis lors des dons de tissus et d\u2019organes).<\/li>\n<\/ul>\n\n\n\n<p>Il n\u2019existe pas de vaccin contre la syphilis. Il est donc important de faire ce qui est en votre pouvoir pour pr\u00e9venir de contracter l\u2019infection.<\/p>\n\n\n\n<p>Il existe plusieurs fa\u00e7ons de pr\u00e9venir la syphilis&nbsp;:<\/p>\n\n\n\n<ul class=\"wp-block-list\">\n<li>Utiliser des condoms de la bonne mani\u00e8re \u00e0 chaque rapport sexuel.<\/li>\n\n\n\n<li>Prendre de la doxycycline, un antibiotique \u00e0 obtenir aupr\u00e8s d\u2019un\u00b7e prestataire de soins de sant\u00e9 (parfois appel\u00e9e doxy-PrEP).<\/li>\n\n\n\n<li>Si vous pensez avoir \u00e9t\u00e9 expos\u00e9\u00b7e \u00e0 la syphilis, passez un test de d\u00e9pistage et faites-vous soigner imm\u00e9diatement pour pr\u00e9venir de transmettre la syphilis \u00e0 votre ou vos partenaire\u00b7s sexuel\u00b7le\u00b7s.<\/li>\n\n\n\n<li>Si vous vous injectez des drogues, ne partagez pas du mat\u00e9riel et utilisez des articles neufs \u00e0 chaque injection.<\/li>\n<\/ul>\n\n\n\n<h2 class=\"wp-block-heading\">Comment savoir si j\u2019ai la syphilis?<\/h2>\n\n\n\n<p>Beaucoup de personnes atteintes de syphilis ne pr\u00e9sentent pas de sympt\u00f4mes \u00e9vidents. <strong>On peut avoir la syphilis sans le savoir.<\/strong><\/p>\n\n\n\n<p>Le seul moyen de savoir si vous avez la syphilis est de passer un test de d\u00e9pistage.<\/p>\n\n\n\n<p>Demandez \u00e0 un\u00b7e prestataire de soins de sant\u00e9 de vous faire passer un test de d\u00e9pistage de la syphilis. Vous voudrez peut-\u00eatre vous faire tester en m\u00eame temps pour d\u2019autres infections, comme le VIH, la gonorrh\u00e9e, la chlamydiose (infection \u00e0 <em>Chlamydia<\/em>), l\u2019h\u00e9patite\u00a0B et l\u2019h\u00e9patite\u00a0C.<\/p>\n\n\n\n<h2 class=\"wp-block-heading\">La syphilis peut-elle \u00eatre gu\u00e9rie?<\/h2>\n\n\n\n<p>Oui, la syphilis peut \u00eatre gu\u00e9rie! On peut la soigner \u00e0 l\u2019aide d\u2019antibiotiques ayant peu ou pas d\u2019effets secondaires.<\/p>\n\n\n\n<p>Si vous avez la syphilis, parlez des options de traitement qui s\u2019offrent \u00e0 vous avec un\u00b7e prestataire de soins de sant\u00e9. Plus l\u2019infection est trait\u00e9e et gu\u00e9rie t\u00f4t, mieux c\u2019est pour votre sant\u00e9.<\/p>\n\n\n\n<h2 class=\"wp-block-heading\">Peut-on contracter \u00e0 nouveau la syphilis?<\/h2>\n\n\n\n<p>Le fait d\u2019avoir eu la syphilis ne vous immunise pas contre l\u2019infection. <strong>Vous pouvez la contracter \u00e0 nouveau si vous entrez encore en contact avec elle.<\/strong><\/p>\n\n\n\n<p><strong>La bonne nouvelle, c\u2019est qu\u2019il est possible de la traiter et de la gu\u00e9rir \u00e0 nouveau.<\/strong><\/p>\n\n\n\n<h2 class=\"wp-block-heading\">Peut-on transmettre la syphilis \u00e0 son b\u00e9b\u00e9?<\/h2>\n\n\n\n<p>La syphilis peut facilement \u00eatre transmise d\u2019une personne enceinte \u00e0 son enfant pendant la grossesse ou l\u2019accouchement. C\u2019est ce qu\u2019on appelle la syphilis cong\u00e9nitale. Cette derni\u00e8re peut entra\u00eener une fausse couche, une mortinaissance (b\u00e9b\u00e9 mort-n\u00e9) ou le d\u00e9c\u00e8s d\u2019un nouveau-n\u00e9. Les enfants n\u00e9\u00b7e\u00b7s avec la syphilis peuvent pr\u00e9senter de tr\u00e8s graves probl\u00e8mes de sant\u00e9 et des troubles du d\u00e9veloppement.<\/p>\n\n\n\n<p>Si vous \u00eates enceinte ou pensez le devenir, faites un test de d\u00e9pistage de la syphilis. Si vous \u00eates expos\u00e9\u00b7e \u00e0 un risque continu d\u2019infection \u00e0 la syphilis, faites-vous tester tout au long de votre grossesse.<strong> Si le test est positif, faites-vous traiter imm\u00e9diatement pour \u00e9viter de transmettre l\u2019infection \u00e0 votre b\u00e9b\u00e9.<\/strong><\/p>\n\n\n\n<h2 class=\"wp-block-heading\">O\u00f9 puis-je obtenir des services relatifs \u00e0 la syphilis?<\/h2>\n\n\n\n<p>Parlez de la syphilis \u00e0 un\u00b7e prestataire de soins de sant\u00e9.<\/p>\n\n\n\n<p>Trouvez des services relatifs \u00e0 la syphilis pr\u00e8s de chez vous sur le site <a href=\"https:\/\/oualler.catie.ca\" target=\"_blank\" rel=\"noreferrer noopener\"><u>https:\/\/oualler.catie.ca<\/u><\/a>.<\/p>\n","protected":false},"excerpt":{"rendered":"<p>Introduction D\u00e9couvrez les r\u00e9ponses aux questions les plus courantes sur la syphilis. Qu\u2019est-ce que la syphilis? La syphilis est une ITS caus\u00e9e par un type de bact\u00e9rie. De nombreuses personnes qui en sont atteintes ne remarquent aucun sympt\u00f4me. Peu apr\u00e8s l\u2019infection par la syphilis, une petite plaie indolore peut appara\u00eetre sur le site, dans le [&hellip;]<\/p>\n","protected":false},"author":1,"featured_media":0,"parent":0,"menu_order":0,"comment_status":"closed","ping_status":"closed","template":"","meta":{"footnotes":""},"class_list":["post-359","page","type-page","status-publish","hentry"],"acf":[],"_links":{"self":[{"href":"https:\/\/multilingual.catie.ca\/fr\/wp-json\/wp\/v2\/pages\/359","targetHints":{"allow":["GET"]}}],"collection":[{"href":"https:\/\/multilingual.catie.ca\/fr\/wp-json\/wp\/v2\/pages"}],"about":[{"href":"https:\/\/multilingual.catie.ca\/fr\/wp-json\/wp\/v2\/types\/page"}],"author":[{"embeddable":true,"href":"https:\/\/multilingual.catie.ca\/fr\/wp-json\/wp\/v2\/users\/1"}],"replies":[{"embeddable":true,"href":"https:\/\/multilingual.catie.ca\/fr\/wp-json\/wp\/v2\/comments?post=359"}],"version-history":[{"count":13,"href":"https:\/\/multilingual.catie.ca\/fr\/wp-json\/wp\/v2\/pages\/359\/revisions"}],"predecessor-version":[{"id":1854,"href":"https:\/\/multilingual.catie.ca\/fr\/wp-json\/wp\/v2\/pages\/359\/revisions\/1854"}],"wp:attachment":[{"href":"https:\/\/multilingual.catie.ca\/fr\/wp-json\/wp\/v2\/media?parent=359"}],"curies":[{"name":"wp","href":"https:\/\/api.w.org\/{rel}","templated":true}]}}