{"id":343,"date":"2024-12-06T16:23:57","date_gmt":"2024-12-06T21:23:57","guid":{"rendered":"https:\/\/catie.swooncreative.ca\/hiv\/"},"modified":"2025-12-16T15:08:17","modified_gmt":"2025-12-16T20:08:17","slug":"vih","status":"publish","type":"page","link":"https:\/\/multilingual.catie.ca\/fr\/vih\/","title":{"rendered":"VIH"},"content":{"rendered":"\n<h2 class=\"wp-block-heading\">Introduction<\/h2>\n\n\n\n<ul class=\"wp-block-list\">\n<li>Le VIH est un virus qui attaque le syst\u00e8me immunitaire. Si l\u2019infection par le VIH n\u2019est pas trait\u00e9e, elle peut entra\u00eener d\u2019autres infections et des cancers possiblement mortels. La bonne nouvelle, c\u2019est qu\u2019une personne vivant avec le VIH peut vivre longtemps et en bonne sant\u00e9 si elle est trait\u00e9e et prise en charge!<\/li>\n\n\n\n<li>Le VIH peut se transmettre par le sang, le sperme, les s\u00e9cr\u00e9tions vaginales, les s\u00e9cr\u00e9tions rectales et le lait humain. Il existe de nombreuses fa\u00e7ons d\u2019\u00e9viter de contracter ou de transmettre le VIH.<\/li>\n\n\n\n<li>La seule fa\u00e7on de savoir si vous avez le VIH est de vous faire tester.<\/li>\n<\/ul>\n\n\n\n<p>Vous trouverez plus bas les r\u00e9ponses aux questions les plus courantes concernant le VIH.<\/p>\n\n\n\n<h2 class=\"wp-block-heading\">Qu\u2019est-ce que le VIH?<\/h2>\n\n\n\n<p>VIH signifie \u00ab&nbsp;virus de l\u2019immunod\u00e9ficience humaine&nbsp;\u00bb. Le VIH est un virus qui attaque le syst\u00e8me immunitaire, le m\u00e9canisme de d\u00e9fense int\u00e9gr\u00e9 de l\u2019organisme contre les maladies et les infections. Le syst\u00e8me immunitaire est essentiel au maintien d\u2019une bonne sant\u00e9.<\/p>\n\n\n\n<p>En l\u2019absence de traitement, le VIH affaiblit consid\u00e9rablement le syst\u00e8me immunitaire. L\u2019organisme devient alors vuln\u00e9rable aux maladies et aux infections graves. C\u2019est ce qu\u2019on appelle le sida (syndrome d\u2019immunod\u00e9ficience acquise).<\/p>\n\n\n\n<p>Il existe aujourd\u2019hui un traitement efficace qui permet aux personnes vivant avec le VIH de vivre longtemps et en bonne sant\u00e9.<\/p>\n\n\n\n<h2 class=\"wp-block-heading\">Comment contracte-t-on le VIH et comment peut-on l\u2019\u00e9viter?<\/h2>\n\n\n\n<p>Le VIH peut se transmettre lorsqu\u2019un liquide qui contient le virus p\u00e9n\u00e8tre dans l\u2019organisme d\u2019une personne qui n\u2019en est pas porteuse. Le sang, le sperme, les s\u00e9cr\u00e9tions vaginales, les s\u00e9cr\u00e9tions rectales et le lait humain sont autant de liquides organiques susceptibles de contenir le VIH.<\/p>\n\n\n\n<p>Le VIH se transmet principalement par voie sexuelle et par le partage d\u2019articles servant \u00e0 l\u2019injection de drogues. Cela dit, nous savons aujourd\u2019hui qu\u2019une personne vivant avec le VIH qui suit un traitement efficace ne peut pas transmettre le virus \u00e0 un\u00b7e partenaire sexuel\u00b7le.<\/p>\n\n\n\n<p>Le VIH peut \u00e9galement se transmettre&nbsp;:<\/p>\n\n\n\n<ul class=\"wp-block-list\">\n<li>\u00e0 un\u00b7e enfant pendant la grossesse, l\u2019accouchement ou l\u2019allaitement;<\/li>\n\n\n\n<li>par la r\u00e9utilisation de mat\u00e9riel de tatouage ou de per\u00e7age corporel non st\u00e9rilis\u00e9;<\/li>\n\n\n\n<li>par la r\u00e9utilisation des instruments m\u00e9dicaux, dentaires ou chirurgicaux qui n\u2019ont pas \u00e9t\u00e9 st\u00e9rilis\u00e9s correctement (ce risque est tr\u00e8s faible au Canada, mais il peut exister dans d\u2019autres pays);<\/li>\n\n\n\n<li>par le biais de dons de sang ou de tissus dans les pays o\u00f9 les r\u00e9serves de sang ne sont pas d\u00fbment analys\u00e9es aux fins de d\u00e9pistage du VIH (le Canada a commenc\u00e9 \u00e0 analyser les dons de sang et de tissus aux fins de d\u00e9pistage du VIH en 1985; avant cette date, le VIH pouvait se transmettre par cette voie au Canada).<\/li>\n<\/ul>\n\n\n\n<p>Le VIH ne peut jamais se transmettre par une \u00e9treinte, un baiser ou une poign\u00e9e de main, ni par des objets tels que les si\u00e8ges de toilette, les poign\u00e9es de porte, la vaisselle ou les ustensiles.<\/p>\n\n\n\n<p>Il n\u2019existe pas de vaccin contre le VIH. Il est donc important de faire tout ce qui est en votre pouvoir pour \u00e9viter de contracter le VIH.<\/p>\n\n\n\n<p>Il existe de nombreux moyens de pr\u00e9venir la transmission du VIH&nbsp;:<\/p>\n\n\n\n<ul class=\"wp-block-list\">\n<li>Utilisez correctement un condom chaque fois que vous avez des relations sexuelles.<\/li>\n\n\n\n<li>Si vous vous injectez des drogues, \u00e9vitez le partage en utilisant des articles neufs \u00e0 chaque injection.<\/li>\n\n\n\n<li>Utilisez une prophylaxie pr\u00e9-exposition (PrEP), un m\u00e9dicament qu\u2019une personne s\u00e9ron\u00e9gative peut prendre de fa\u00e7on continue.<\/li>\n\n\n\n<li>Si vous avez \u00e9t\u00e9 r\u00e9cemment expos\u00e9\u00b7e au VIH, utilisez une prophylaxie post-exposition (PPE), un m\u00e9dicament que les personnes s\u00e9ron\u00e9gatives peuvent prendre dans les 72&nbsp;heures suivant une possible exposition.<\/li>\n\n\n\n<li>Si vous avez contract\u00e9 le VIH, suivez un traitement efficace pour \u00e9viter de transmettre le virus \u00e0 votre partenaire sexuel\u00b7le.<\/li>\n\n\n\n<li>Si vous avez contract\u00e9 le VIH, suivez un traitement efficace contre le VIH tout au long de votre grossesse afin d\u2019\u00e9viter de transmettre le virus au b\u00e9b\u00e9.<\/li>\n\n\n\n<li>Si vous avez contract\u00e9 le VIH, nourrissez votre b\u00e9b\u00e9 avec une pr\u00e9paration pour nourrissons. Toutefois, moyennant le soutien m\u00e9dical n\u00e9cessaire, l\u2019allaitement peut \u00eatre une option envisageable.<\/li>\n\n\n\n<li>Si vous recevez un traitement m\u00e9dical, dentaire ou chirurgical \u00e0 l\u2019\u00e9tranger, assurez-vous que les instruments soient neufs ou correctement st\u00e9rilis\u00e9s.<\/li>\n\n\n\n<li>Si vous recevez un don de sang ou de tissus \u00e0 l\u2019\u00e9tranger, assurez-vous que le produit a fait l\u2019objet d\u2019un d\u00e9pistage des infections courantes transmises par le sang.<\/li>\n<\/ul>\n\n\n\n<h2 class=\"wp-block-heading\">Comment savoir si j\u2019ai le VIH?<\/h2>\n\n\n\n<p>La plupart des personnes vivant avec le VIH ne pr\u00e9sentent aucun sympt\u00f4me pendant des ann\u00e9es, m\u00eame si le virus est actif et d\u00e9t\u00e9riore leur syst\u00e8me immunitaire. <strong>Vous pouvez avoir le VIH sans le savoir.<\/strong><\/p>\n\n\n\n<p>La seule fa\u00e7on de savoir si vous avez le VIH est de vous faire tester.<\/p>\n\n\n\n<p>Demandez \u00e0 un\u00b7e prestataire de soins de sant\u00e9 de vous faire passer un test de d\u00e9pistage du VIH. Il serait souhaitable que vous passiez en m\u00eame temps un d\u00e9pistage d\u2019autres infections telles que la gonorrh\u00e9e, la chlamydiose (infection \u00e0 <em>Chlamydia<\/em>), l\u2019h\u00e9patite B, l\u2019h\u00e9patite\u00a0C et la syphilis.<\/p>\n\n\n\n<h2 class=\"wp-block-heading\">L\u2019infection par le VIH est-elle curable?<\/h2>\n\n\n\n<p>Il n\u2019existe pas de rem\u00e8de contre le VIH, mais avec un traitement et une prise en charge adapt\u00e9s, les personnes vivant avec le VIH peuvent vivre longtemps et en bonne sant\u00e9.<\/p>\n\n\n\n<p>Le traitement de l\u2019infection par le VIH a fait de grands progr\u00e8s. Le traitement est tr\u00e8s efficace et ses effets secondaires sont rares, voire inexistants.<\/p>\n\n\n\n<p>Si vous avez contract\u00e9 le VIH, demandez \u00e0 un\u00b7e prestataire de soins de sant\u00e9 quelles sont les options th\u00e9rapeutiques qui s\u2019offrent \u00e0 vous. Le plus t\u00f4t le traitement est instaur\u00e9, le mieux vous vous porterez.<\/p>\n\n\n\n<h2 class=\"wp-block-heading\">Quelle est la diff\u00e9rence entre le VIH et le sida?<\/h2>\n\n\n\n<p>Le VIH est le virus qui attaque le syst\u00e8me immunitaire. Lorsque le syst\u00e8me immunitaire est gravement affaibli et que l\u2019organisme devient vuln\u00e9rable aux maladies et aux infections graves, on parle alors de sida. Il s\u2019agit du stade avanc\u00e9 de l\u2019infection par le VIH. Cependant, \u00e0 l\u2019aide d\u2019un traitement ad\u00e9quat, <strong>de nombreuses personnes vivant avec le VIH peuvent vivre longtemps et en bonne sant\u00e9 sans jamais avoir le sida.<\/strong><\/p>\n\n\n\n<h2 class=\"wp-block-heading\">O\u00f9 puis-je trouver des services de lutte contre le VIH?<\/h2>\n\n\n\n<p>Consultez un\u00b7e prestataire de soins de sant\u00e9 au sujet du d\u00e9pistage du VIH ou pour recevoir un traitement et des soins li\u00e9s au VIH.<\/p>\n\n\n\n<p>Vous trouverez des services de lutte contre le VIH dans votre r\u00e9gion \u00e0 l\u2019adresse suivante&nbsp;: <a href=\"https:\/\/oualler.catie.ca\/\" target=\"_blank\" rel=\"noreferrer noopener\"><u>https:\/\/oualler.catie.ca\/<\/u><\/a>.<\/p>\n\n\n\n<p><\/p>\n","protected":false},"excerpt":{"rendered":"<p>Introduction Vous trouverez plus bas les r\u00e9ponses aux questions les plus courantes concernant le VIH. Qu\u2019est-ce que le VIH? VIH signifie \u00ab&nbsp;virus de l\u2019immunod\u00e9ficience humaine&nbsp;\u00bb. Le VIH est un virus qui attaque le syst\u00e8me immunitaire, le m\u00e9canisme de d\u00e9fense int\u00e9gr\u00e9 de l\u2019organisme contre les maladies et les infections. Le syst\u00e8me immunitaire est essentiel au maintien [&hellip;]<\/p>\n","protected":false},"author":1,"featured_media":0,"parent":0,"menu_order":0,"comment_status":"closed","ping_status":"closed","template":"","meta":{"footnotes":""},"class_list":["post-343","page","type-page","status-publish","hentry"],"acf":[],"_links":{"self":[{"href":"https:\/\/multilingual.catie.ca\/fr\/wp-json\/wp\/v2\/pages\/343","targetHints":{"allow":["GET"]}}],"collection":[{"href":"https:\/\/multilingual.catie.ca\/fr\/wp-json\/wp\/v2\/pages"}],"about":[{"href":"https:\/\/multilingual.catie.ca\/fr\/wp-json\/wp\/v2\/types\/page"}],"author":[{"embeddable":true,"href":"https:\/\/multilingual.catie.ca\/fr\/wp-json\/wp\/v2\/users\/1"}],"replies":[{"embeddable":true,"href":"https:\/\/multilingual.catie.ca\/fr\/wp-json\/wp\/v2\/comments?post=343"}],"version-history":[{"count":9,"href":"https:\/\/multilingual.catie.ca\/fr\/wp-json\/wp\/v2\/pages\/343\/revisions"}],"predecessor-version":[{"id":1828,"href":"https:\/\/multilingual.catie.ca\/fr\/wp-json\/wp\/v2\/pages\/343\/revisions\/1828"}],"wp:attachment":[{"href":"https:\/\/multilingual.catie.ca\/fr\/wp-json\/wp\/v2\/media?parent=343"}],"curies":[{"name":"wp","href":"https:\/\/api.w.org\/{rel}","templated":true}]}}