{"id":327,"date":"2024-12-06T16:23:48","date_gmt":"2024-12-06T21:23:48","guid":{"rendered":"https:\/\/catie.swooncreative.ca\/hepatitis-c\/"},"modified":"2025-12-16T15:06:56","modified_gmt":"2025-12-16T20:06:56","slug":"hepatite-c","status":"publish","type":"page","link":"https:\/\/multilingual.catie.ca\/fr\/hepatite-c\/","title":{"rendered":"H\u00e9patite C"},"content":{"rendered":"\n<h2 class=\"wp-block-heading\">Introduction<\/h2>\n\n\n\n<ul class=\"wp-block-list\">\n<li>L\u2019h\u00e9patite&nbsp;C est une maladie du foie caus\u00e9e par un virus. Lorsqu\u2019elle n\u2019est pas trait\u00e9e, l\u2019h\u00e9patite&nbsp;C peut entra\u00eener de graves probl\u00e8mes de sant\u00e9 tels que l\u2019insuffisance h\u00e9patique, le cancer du foie, et m\u00eame la mort pr\u00e9matur\u00e9e. La bonne nouvelle, c\u2019est que cette maladie peut \u00eatre gu\u00e9rie!<\/li>\n\n\n\n<li>Le virus de l\u2019h\u00e9patite&nbsp;C se transmet lorsque le sang d\u2019une personne qui en est porteuse p\u00e9n\u00e8tre dans la circulation sanguine d\u2019une personne qui n\u2019en est pas porteuse.&nbsp;Il existe de nombreuses fa\u00e7ons d\u2019\u00e9viter de contracter ou de transmettre le virus de l\u2019h\u00e9patite&nbsp;C.<\/li>\n\n\n\n<li>La seule fa\u00e7on de savoir si vous avez l\u2019h\u00e9patite&nbsp;C est de vous faire tester.<\/li>\n<\/ul>\n\n\n\n<p>Vous trouverez ci-dessous les r\u00e9ponses aux questions les plus courantes concernant l\u2019h\u00e9patite&nbsp;C.<\/p>\n\n\n\n<h2 class=\"wp-block-heading\">Qu\u2019est-ce que l\u2019h\u00e9patite&nbsp;C?<\/h2>\n\n\n\n<p>L\u2019h\u00e9patite&nbsp;C est l\u2019infection caus\u00e9e par un virus qui attaque le foie, un organe qui remplit de nombreuses fonctions importantes dans l\u2019organisme. Le foie est essentiel au maintien d\u2019une bonne sant\u00e9.<\/p>\n\n\n\n<p>Si elle n\u2019est pas trait\u00e9e, l\u2019h\u00e9patite&nbsp;C endommage progressivement le foie. Cela peut entra\u00eener de graves probl\u00e8mes de sant\u00e9 tels que l\u2019insuffisance h\u00e9patique, le cancer du foie et m\u00eame la mort pr\u00e9matur\u00e9e. <strong>Cependant, l\u2019h\u00e9patite&nbsp;C peut \u00eatre gu\u00e9rie.<\/strong><\/p>\n\n\n\n<h2 class=\"wp-block-heading\">Comment contracte-t-on l\u2019h\u00e9patite&nbsp;C et comment peut-on l\u2019\u00e9viter?<\/h2>\n\n\n\n<p>Le virus de l\u2019h\u00e9patite&nbsp;C se transmet lorsque le sang d\u2019une personne qui en est porteuse p\u00e9n\u00e8tre dans la circulation sanguine d\u2019une personne qui n\u2019en est pas porteuse.<\/p>\n\n\n\n<p>La transmission du virus de l\u2019h\u00e9patite&nbsp;C est fr\u00e9quente dans les pays d\u2019origine des immigrant\u00b7e\u00b7s et des nouveaux\u00b7elles arrivant\u00b7e\u00b7s, o\u00f9 les pratiques de s\u00e9curit\u00e9 dans le domaine des soins de sant\u00e9 sont inad\u00e9quates.&nbsp;En voici quelques exemples&nbsp;:<\/p>\n\n\n\n<ul class=\"wp-block-list\">\n<li>les dons de sang ou de tissus dans les pays o\u00f9 les r\u00e9serves de sang ne sont pas d\u00fbment analys\u00e9es \u00e0 des fins de d\u00e9pistage de l\u2019h\u00e9patite&nbsp;C;<\/li>\n\n\n\n<li>la r\u00e9utilisation d\u2019instruments m\u00e9dicaux, dentaires ou chirurgicaux dans les pays o\u00f9 ceux-ci ne sont pas correctement st\u00e9rilis\u00e9s;<\/li>\n\n\n\n<li>les pratiques traditionnelles de gu\u00e9rison consistant \u00e0 couper ou \u00e0 percer la peau si le mat\u00e9riel est r\u00e9utilis\u00e9 ou n\u2019est pas st\u00e9rilis\u00e9 (p.&nbsp;ex. les ventouses humides et l\u2019acupuncture).<\/li>\n<\/ul>\n\n\n\n<p>Au Canada, l\u2019h\u00e9patite&nbsp;C se transmet g\u00e9n\u00e9ralement par le partage d\u2019articles servant \u00e0 l\u2019utilisation, et notamment \u00e0 l\u2019injection, de drogues.<\/p>\n\n\n\n<p>L\u2019h\u00e9patite&nbsp;C peut aussi se transmettre&nbsp;:<\/p>\n\n\n\n<ul class=\"wp-block-list\">\n<li>par la r\u00e9utilisation de mat\u00e9riel de tatouage ou de per\u00e7age corporel non st\u00e9rilis\u00e9;<\/li>\n\n\n\n<li>d\u2019un\u00b7e parent\u00b7e enceint\u00b7e \u00e0 un\u00b7e enfant pendant la grossesse ou l\u2019accouchement;<\/li>\n\n\n\n<li>pendant les rapports sexuels (le risque est tr\u00e8s faible, mais il existe; le ph\u00e9nom\u00e8ne est plus fr\u00e9quent chez les hommes qui ont des relations sexuelles avec des hommes);<\/li>\n\n\n\n<li>par le partage d\u2019articles de soins personnels comme les rasoirs, les coupe-ongles et les brosses \u00e0 dents.<\/li>\n<\/ul>\n\n\n\n<p>Au Canada, le virus de l\u2019h\u00e9patite&nbsp;C ne peut plus se transmettre par le biais de dons de sang ou de tissus. Le Canada a commenc\u00e9 \u00e0 soumettre les dons de sang et de tissus \u00e0 des analyses de d\u00e9pistage du virus de l\u2019h\u00e9patite&nbsp;C en 1992.<\/p>\n\n\n\n<p>Le virus de l\u2019h\u00e9patite&nbsp;C ne peut jamais se transmettre par une \u00e9treinte, un baiser ou un simple contact avec une personne infect\u00e9e par ce virus.<\/p>\n\n\n\n<p>Il n\u2019existe pas de vaccin contre l\u2019h\u00e9patite&nbsp;C. Il est donc important de faire tout ce qui est en votre pouvoir pour \u00e9viter de contracter l\u2019h\u00e9patite&nbsp;C.<\/p>\n\n\n\n<p>Il existe de nombreuses fa\u00e7ons de pr\u00e9venir l\u2019h\u00e9patite C:<\/p>\n\n\n\n<ul class=\"wp-block-list\">\n<li>Si vous vous injectez des drogues, \u00e9vitez le partage en utilisant des articles neufs \u00e0 chaque injection.<\/li>\n\n\n\n<li>Si vous fumez ou sniffez des drogues, \u00e9vitez le partage en utilisant votre propre mat\u00e9riel chaque fois que vous fumez ou sniffez.<\/li>\n\n\n\n<li>Utilisez correctement un condom chaque fois que vous avez des relations sexuelles.<\/li>\n\n\n\n<li>Passez des tests de d\u00e9pistage, faites-vous traiter et v\u00e9rifiez que vous avez gu\u00e9ri avant de devenir enceint\u00b7e. Vous \u00e9viterez ainsi de transmettre l\u2019h\u00e9patite\u00a0C \u00e0 votre b\u00e9b\u00e9.<\/li>\n\n\n\n<li>Si vous recevez un traitement m\u00e9dical, dentaire ou chirurgical \u00e0 l\u2019\u00e9tranger, assurez-vous que les instruments sont neufs ou correctement st\u00e9rilis\u00e9s.<\/li>\n\n\n\n<li>Si vous recevez un don de sang ou de tissus \u00e0 l\u2019\u00e9tranger, assurez-vous que le produit a fait l\u2019objet d\u2019un d\u00e9pistage des infections courantes transmises par le sang.<\/li>\n<\/ul>\n\n\n\n<h2 class=\"wp-block-heading\">Comment savoir si j\u2019ai l\u2019h\u00e9patite&nbsp;C?<\/h2>\n\n\n\n<p>La plupart des personnes atteintes d\u2019h\u00e9patite&nbsp;C ne pr\u00e9sentent aucun sympt\u00f4me pendant de nombreuses ann\u00e9es, alors que le virus est actif et d\u00e9t\u00e9riore leur foie. <strong>Vous pouvez avoir l\u2019h\u00e9patite&nbsp;C sans le savoir.<\/strong>&nbsp;Le d\u00e9pistage de l\u2019h\u00e9patite&nbsp;C n\u2019est pas obligatoire dans le cadre de la demande de r\u00e9sidence permanente au Canada.<\/p>\n\n\n\n<p>La seule fa\u00e7on de savoir si vous avez l\u2019h\u00e9patite&nbsp;C est de vous faire tester.<\/p>\n\n\n\n<p>Demandez \u00e0 un\u00b7e professionnel\u00b7le de la sant\u00e9 de vous faire passer un test de d\u00e9pistage de l\u2019h\u00e9patite\u00a0C. Il serait souhaitable que vous passiez en m\u00eame temps un d\u00e9pistage d\u2019autres infections telles que la gonorrh\u00e9e, la chlamydiose (infection \u00e0 <em>Chlamydia<\/em>), l\u2019h\u00e9patite\u00a0B, le VIH et la syphilis.<\/p>\n\n\n\n<h2 class=\"wp-block-heading\">L\u2019h\u00e9patite&nbsp;C peut-elle \u00eatre gu\u00e9rie?<\/h2>\n\n\n\n<p>L\u2019h\u00e9patite\u00a0C peut \u00eatre gu\u00e9rie! Dans certains cas, le virus dispara\u00eet de lui-m\u00eame dans les six premiers mois, mais le plus souvent, un traitement est n\u00e9cessaire pour gu\u00e9rir l\u2019infection.<\/p>\n\n\n\n<p>Le traitement de l\u2019h\u00e9patite\u00a0C a beaucoup \u00e9volu\u00e9. Il dure 8 ou 12\u00a0semaines et permet de gu\u00e9rir presque toutes les personnes atteintes d\u2019h\u00e9patite\u00a0C en causant peu d\u2019effets secondaires, voire aucun.<\/p>\n\n\n\n<p>Si vous avez contract\u00e9 l\u2019h\u00e9patite&nbsp;C, demandez \u00e0 un\u00b7e prestataire de soins de sant\u00e9 quelles sont les options th\u00e9rapeutiques qui s\u2019offrent \u00e0 vous. Le plus t\u00f4t le traitement est instaur\u00e9, mieux vous vous porterez.<\/p>\n\n\n\n<h2 class=\"wp-block-heading\">Puis-je contracter \u00e0 nouveau l\u2019h\u00e9patite&nbsp;C?<\/h2>\n\n\n\n<p>Le fait d\u2019avoir d\u00e9j\u00e0 contract\u00e9 l\u2019h\u00e9patite&nbsp;C ne vous immunise pas contre cette maladie. Vous pouvez contracter \u00e0 nouveau l\u2019h\u00e9patite&nbsp;C si vous entrez \u00e0 nouveau en contact avec du sang contenant le virus de l\u2019h\u00e9patite&nbsp;C.<\/p>\n\n\n\n<p><strong>La bonne nouvelle, c\u2019est qu\u2019il est possible de traiter et de gu\u00e9rir encore une fois l\u2019h\u00e9patite&nbsp;C!<\/strong><\/p>\n\n\n\n<h2 class=\"wp-block-heading\">Qu\u2019est-ce que l\u2019h\u00e9patite&nbsp;A et l\u2019h\u00e9patite&nbsp;B?<\/h2>\n\n\n\n<p>Les h\u00e9patites&nbsp;A et B sont \u00e0 distinguer de l\u2019h\u00e9patite&nbsp;C.<\/p>\n\n\n\n<p>L\u2019h\u00e9patite&nbsp;A se transmet g\u00e9n\u00e9ralement par l\u2019eau ou des aliments contamin\u00e9s par des mati\u00e8res f\u00e9cales (excr\u00e9ments). Elle peut \u00e9galement se transmettre par un contact \u00e9troit avec une personne porteuse de cette infection. La plupart des personnes qui contractent l\u2019h\u00e9patite&nbsp;A en gu\u00e9rissent spontan\u00e9ment. Elles sont alors immunis\u00e9es contre le virus et ne peuvent plus contracter l\u2019h\u00e9patite&nbsp;A.<\/p>\n\n\n\n<p>L\u2019h\u00e9patite&nbsp;B peut se transmettre d\u2019une personne \u00e0 l\u2019autre par le sang, le sperme ou les s\u00e9cr\u00e9tions vaginales. Elle peut \u00e9galement se transmettre au b\u00e9b\u00e9 pendant l\u2019accouchement. La plupart des personnes qui contractent l\u2019h\u00e9patite&nbsp;B se r\u00e9tablissent d\u2019elles-m\u00eames, apr\u00e8s quoi elles ne peuvent plus contracter l\u2019h\u00e9patite&nbsp;B \u00e0 nouveau. Toutefois, certaines personnes atteintes d\u2019h\u00e9patite&nbsp;B pr\u00e9sentent une infection chronique. Ce ph\u00e9nom\u00e8ne est plus fr\u00e9quent chez les personnes qui ont contract\u00e9 l\u2019h\u00e9patite&nbsp;B dans leur jeunesse. L\u2019h\u00e9patite&nbsp;B chronique peut entra\u00eener des probl\u00e8mes h\u00e9patiques \u00e0 long terme. L\u2019infection par l\u2019h\u00e9patite&nbsp;B est incurable.<\/p>\n\n\n\n<p>L\u2019immunisation est le meilleur moyen de pr\u00e9venir l\u2019h\u00e9patite&nbsp;A et l\u2019h\u00e9patite&nbsp;B.<\/p>\n\n\n\n<h2 class=\"wp-block-heading\">O\u00f9 puis-je obtenir des services de lutte contre l\u2019h\u00e9patite&nbsp;C?<\/h2>\n\n\n\n<p>Consultez un\u00b7e&nbsp;prestataire de soins de sant\u00e9 au sujet du d\u00e9pistage de l\u2019h\u00e9patite&nbsp;C ou pour recevoir un traitement et des soins li\u00e9s \u00e0 l\u2019h\u00e9patite&nbsp;C.<\/p>\n\n\n\n<p>Pour trouver des services li\u00e9s \u00e0 l\u2019h\u00e9patite C dans votre r\u00e9gion, consultez le site suivant :<\/p>\n\n\n\n<p><a href=\"https:\/\/oualler.catie.ca\">https:\/\/oualler.catie.ca<\/a><\/p>\n\n\n\n<p><\/p>\n","protected":false},"excerpt":{"rendered":"<p>Introduction Vous trouverez ci-dessous les r\u00e9ponses aux questions les plus courantes concernant l\u2019h\u00e9patite&nbsp;C. Qu\u2019est-ce que l\u2019h\u00e9patite&nbsp;C? L\u2019h\u00e9patite&nbsp;C est l\u2019infection caus\u00e9e par un virus qui attaque le foie, un organe qui remplit de nombreuses fonctions importantes dans l\u2019organisme. Le foie est essentiel au maintien d\u2019une bonne sant\u00e9. Si elle n\u2019est pas trait\u00e9e, l\u2019h\u00e9patite&nbsp;C endommage progressivement le [&hellip;]<\/p>\n","protected":false},"author":1,"featured_media":0,"parent":0,"menu_order":0,"comment_status":"closed","ping_status":"closed","template":"","meta":{"footnotes":""},"class_list":["post-327","page","type-page","status-publish","hentry"],"acf":[],"_links":{"self":[{"href":"https:\/\/multilingual.catie.ca\/fr\/wp-json\/wp\/v2\/pages\/327","targetHints":{"allow":["GET"]}}],"collection":[{"href":"https:\/\/multilingual.catie.ca\/fr\/wp-json\/wp\/v2\/pages"}],"about":[{"href":"https:\/\/multilingual.catie.ca\/fr\/wp-json\/wp\/v2\/types\/page"}],"author":[{"embeddable":true,"href":"https:\/\/multilingual.catie.ca\/fr\/wp-json\/wp\/v2\/users\/1"}],"replies":[{"embeddable":true,"href":"https:\/\/multilingual.catie.ca\/fr\/wp-json\/wp\/v2\/comments?post=327"}],"version-history":[{"count":14,"href":"https:\/\/multilingual.catie.ca\/fr\/wp-json\/wp\/v2\/pages\/327\/revisions"}],"predecessor-version":[{"id":1853,"href":"https:\/\/multilingual.catie.ca\/fr\/wp-json\/wp\/v2\/pages\/327\/revisions\/1853"}],"wp:attachment":[{"href":"https:\/\/multilingual.catie.ca\/fr\/wp-json\/wp\/v2\/media?parent=327"}],"curies":[{"name":"wp","href":"https:\/\/api.w.org\/{rel}","templated":true}]}}