{"id":363,"date":"2024-12-06T16:24:05","date_gmt":"2024-12-06T21:24:05","guid":{"rendered":"https:\/\/catie.swooncreative.ca\/syphilis\/"},"modified":"2025-03-13T13:35:14","modified_gmt":"2025-03-13T17:35:14","slug":"syphilis","status":"publish","type":"page","link":"https:\/\/multilingual.catie.ca\/es\/syphilis\/","title":{"rendered":"S\u00edfilis"},"content":{"rendered":"\n<h2 class=\"wp-block-heading\">Introducci\u00f3n<\/h2>\n\n\n\n<ul class=\"wp-block-list\">\n<li>La s\u00edfilis es una infecci\u00f3n de transmisi\u00f3n sexual (ITS). La s\u00edfilis no tratada puede llevar a problemas de salud graves. La buena noticia es que la s\u00edfilis se puede curar con antibi\u00f3ticos.<\/li>\n\n\n\n<li>La s\u00edfilis generalmente se transmite durante el contacto sexual, incluyendo sexo oral, vaginal y anal.<\/li>\n\n\n\n<li>La s\u00edfilis tambi\u00e9n puede transmitirse de una persona embarazada a su feto durante el embarazo o el parto.<\/li>\n\n\n\n<li>Existen maneras de prevenir la infecci\u00f3n o la transmisi\u00f3n de la s\u00edfilis.<\/li>\n\n\n\n<li>La \u00fanica forma de saber si tienes s\u00edfilis es haci\u00e9ndote una prueba.<\/li>\n<\/ul>\n\n\n\n<p><strong>Lee a continuaci\u00f3n para obtener respuestas a preguntas comunes sobre la s\u00edfilis.<\/strong><\/p>\n\n\n\n<h2 class=\"wp-block-heading\">\u00bfQu\u00e9 es la s\u00edfilis?<\/h2>\n\n\n\n<p>La s\u00edfilis es una ITS causada por un tipo de bacteria. Muchas personas con s\u00edfilis no notan s\u00edntomas. Poco despu\u00e9s de que una persona contrae s\u00edfilis, puede aparecer una peque\u00f1a llaga indolora en el lugar de la primera exposici\u00f3n (pene, vagina, orificio frontal, recto o boca). Si la infecci\u00f3n no se trata, pueden aparecer otros s\u00edntomas como erupciones, dolores de cabeza y p\u00e9rdida de cabello, pero estos suelen desaparecer en los primeros meses.<\/p>\n\n\n\n<p>Es importante destacar que la s\u00edfilis no tratada permanece en el cuerpo y puede da\u00f1ar eventualmente el sistema nervioso y los \u00f3rganos, lo que lleva a problemas de salud graves y potencialmente mortales.<\/p>\n\n\n\n<p>La s\u00edfilis se puede curar con antibi\u00f3ticos. Esto previene da\u00f1os adicionales y detiene su transmisi\u00f3n a otras personas.<\/p>\n\n\n\n<h2 class=\"wp-block-heading\">\u00bfC\u00f3mo se contrae la s\u00edfilis y c\u00f3mo se puede prevenir?<\/h2>\n\n\n\n<p>La s\u00edfilis generalmente se transmite durante el contacto sexual, incluyendo sexo vaginal, frontal, anal y oral.<\/p>\n\n\n\n<p>La s\u00edfilis se transmite f\u00e1cilmente de una persona embarazada a su beb\u00e9 durante el embarazo o el parto.<\/p>\n\n\n\n<p>La s\u00edfilis tambi\u00e9n puede transmitirse:<\/p>\n\n\n\n<ul class=\"wp-block-list\">\n<li>al compartir equipos utilizados para inyectar drogas, aunque esto no es muy com\u00fan<\/li>\n\n\n\n<li>a trav\u00e9s de sangre o tejidos donados en pa\u00edses donde el suministro de sangre no se monitorea adecuadamente para la s\u00edfilis (Canad\u00e1 comenz\u00f3 a monitorear la sangre donada para la s\u00edfilis en 1949 y desde entonces realiza pruebas de s\u00edfilis durante la donaci\u00f3n de tejidos y \u00f3rganos).<\/li>\n<\/ul>\n\n\n\n<p>No hay vacuna para la s\u00edfilis, por lo que es importante hacer lo que puedas para prevenirla.<\/p>\n\n\n\n<p>Hay muchas maneras de prevenir la s\u00edfilis:<\/p>\n\n\n\n<ul class=\"wp-block-list\">\n<li>Usa condones de la manera correcta cada vez que tengas relaciones sexuales.<\/li>\n\n\n\n<li>Toma doxiciclina, un antibi\u00f3tico que debes obtener de una persona proveedora de atenci\u00f3n m\u00e9dica (a veces referido como prevenci\u00f3n con doxiciclina).<\/li>\n\n\n\n<li>Si crees que puedes haber estado expuesta\/o a la s\u00edfilis, hazte la prueba y recibe tratamiento de inmediato para evitar transmitir la s\u00edfilis a tu(s) pareja(s) sexual(es).<\/li>\n\n\n\n<li>Si te inyectas drogas, evita compartir el equipo y usa equipo nuevo cada vez que te inyectes.<\/li>\n<\/ul>\n\n\n\n<h2 class=\"wp-block-heading\">\u00bfC\u00f3mo s\u00e9 si tengo s\u00edfilis?<\/h2>\n\n\n\n<p>Muchas personas con s\u00edfilis no tienen s\u00edntomas evidentes. <strong>Puedes tener s\u00edfilis y no saberlo<\/strong>.<\/p>\n\n\n\n<p>La \u00fanica forma de saber si tienes s\u00edfilis es haci\u00e9ndote la prueba.<\/p>\n\n\n\n<p>P\u00eddele a una persona proveedora de atenci\u00f3n m\u00e9dica una prueba de s\u00edfilis. Tambi\u00e9n puedes pedir hacerte pruebas para otras infecciones al mismo tiempo, como VIH, gonorrea, clamidia, hepatitis B y hepatitis C.<\/p>\n\n\n\n<h2 class=\"wp-block-heading\">\u00bfSe puede curar la s\u00edfilis?<\/h2>\n\n\n\n<p>\u00a1S\u00ed, la s\u00edfilis se puede curar! La s\u00edfilis se puede curar con antibi\u00f3ticos conllevando pocos o ning\u00fan efectos secundarios.<\/p>\n\n\n\n<p>Si tienes s\u00edfilis, habla con una persona proveedora de atenci\u00f3n m\u00e9dica sobre tus opciones de tratamiento. Cuanto antes se trate y se cure la infecci\u00f3n, mejor ser\u00e1 para tu salud.<\/p>\n\n\n\n<h2 class=\"wp-block-heading\">\u00bfPuedo contraer s\u00edfilis nuevamente?<\/h2>\n\n\n\n<p>Haber tenido s\u00edfilis no te hace inmune. <strong>Puedes contraer s\u00edfilis nuevamente si tienes contacto con ella<\/strong>.<\/p>\n\n\n\n<p><strong>La buena noticia es que se puede tratar y curar nuevamente.<\/strong><\/p>\n\n\n\n<h2 class=\"wp-block-heading\">\u00bfPuedo transmitir la s\u00edfilis a mi beb\u00e9?<\/h2>\n\n\n\n<p>La s\u00edfilis puede transmitirse f\u00e1cilmente de una persona embarazada a su beb\u00e9 durante el embarazo o el parto. Esto se conoce como s\u00edfilis cong\u00e9nita. La s\u00edfilis cong\u00e9nita puede resultar en aborto espont\u00e1neo, muerte fetal o la muerte de la persona reci\u00e9n nacida. Quienes nacen con s\u00edfilis pueden desarrollar problemas de salud muy graves y trastornos del desarrollo.<\/p>\n\n\n\n<p>Si est\u00e1s atravesando un embarazo o planeas hacerlo, hazte la prueba de s\u00edfilis. Si est\u00e1s en riesgo continuo de s\u00edfilis, hazte pruebas durante el embarazo. <strong>Si el resultado es positivo, recibe tratamiento de inmediato para evitar transmitir la s\u00edfilis a tu beb\u00e9.<\/strong><\/p>\n\n\n\n<h2 class=\"wp-block-heading\">\u00bfD\u00f3nde puedo obtener servicios para la s\u00edfilis?<\/h2>\n\n\n\n<p>Habla con una persona proveedora de atenci\u00f3n m\u00e9dica sobre la s\u00edfilis.<\/p>\n\n\n\n<p>Encuentra informaci\u00f3n en ingl\u00e9s o franc\u00e9s sobre servicios relacionados a la s\u00edfilis en tu \u00e1rea en <a href=\"https:\/\/whereto.catie.ca\" target=\"_blank\" rel=\"noreferrer noopener\">https:\/\/whereto.catie.ca<\/a>.<\/p>\n\n\n\n<p><\/p>\n","protected":false},"excerpt":{"rendered":"<p>Introducci\u00f3n Lee a continuaci\u00f3n para obtener respuestas a preguntas comunes sobre la s\u00edfilis. \u00bfQu\u00e9 es la s\u00edfilis? La s\u00edfilis es una ITS causada por un tipo de bacteria. Muchas personas con s\u00edfilis no notan s\u00edntomas. Poco despu\u00e9s de que una persona contrae s\u00edfilis, puede aparecer una peque\u00f1a llaga indolora en el lugar de la primera [&hellip;]<\/p>\n","protected":false},"author":1,"featured_media":0,"parent":0,"menu_order":0,"comment_status":"closed","ping_status":"closed","template":"","meta":{"footnotes":""},"class_list":["post-363","page","type-page","status-publish","hentry"],"acf":[],"_links":{"self":[{"href":"https:\/\/multilingual.catie.ca\/es\/wp-json\/wp\/v2\/pages\/363","targetHints":{"allow":["GET"]}}],"collection":[{"href":"https:\/\/multilingual.catie.ca\/es\/wp-json\/wp\/v2\/pages"}],"about":[{"href":"https:\/\/multilingual.catie.ca\/es\/wp-json\/wp\/v2\/types\/page"}],"author":[{"embeddable":true,"href":"https:\/\/multilingual.catie.ca\/es\/wp-json\/wp\/v2\/users\/1"}],"replies":[{"embeddable":true,"href":"https:\/\/multilingual.catie.ca\/es\/wp-json\/wp\/v2\/comments?post=363"}],"version-history":[{"count":9,"href":"https:\/\/multilingual.catie.ca\/es\/wp-json\/wp\/v2\/pages\/363\/revisions"}],"predecessor-version":[{"id":1239,"href":"https:\/\/multilingual.catie.ca\/es\/wp-json\/wp\/v2\/pages\/363\/revisions\/1239"}],"wp:attachment":[{"href":"https:\/\/multilingual.catie.ca\/es\/wp-json\/wp\/v2\/media?parent=363"}],"curies":[{"name":"wp","href":"https:\/\/api.w.org\/{rel}","templated":true}]}}