{"id":347,"date":"2024-12-06T16:23:57","date_gmt":"2024-12-06T21:23:57","guid":{"rendered":"https:\/\/catie.swooncreative.ca\/hiv\/"},"modified":"2025-03-13T13:27:55","modified_gmt":"2025-03-13T17:27:55","slug":"hiv","status":"publish","type":"page","link":"https:\/\/multilingual.catie.ca\/es\/hiv\/","title":{"rendered":"VIH"},"content":{"rendered":"\n<h2 class=\"wp-block-heading\">Introducci\u00f3n<\/h2>\n\n\n\n<ul class=\"wp-block-list\">\n<li>El VIH es un virus que ataca el sistema inmunol\u00f3gico. Si no es tratado, puede provocar infecciones y c\u00e1nceres potencialmente mortales. La buena noticia es que, con tratamiento y atenci\u00f3n, una persona con VIH puede vivir una vida larga y saludable.<\/li>\n\n\n\n<li>El VIH se puede transmitir a trav\u00e9s de la sangre, el semen, el flujo vaginal, el flujo rectal y la leche de pecho que contiene VIH. Hay muchas maneras de prevenir el contagio o la transmisi\u00f3n del VIH.<\/li>\n\n\n\n<li>La \u00fanica manera de saber si tienes VIH es al hacerte la prueba.<\/li>\n<\/ul>\n\n\n\n<p><strong>Sigue leyendo para obtener respuestas a preguntas frecuentes sobre el VIH.<\/strong><\/p>\n\n\n\n<h2 class=\"wp-block-heading\">\u00bfQu\u00e9 es el VIH?<\/h2>\n\n\n\n<p>VIH significa virus de inmunodeficiencia humana. El VIH es un virus que ataca el sistema inmunol\u00f3gico, la defensa incorporada del cuerpo contra enfermedades e infecciones. El sistema inmunol\u00f3gico es esencial para la buena salud.<\/p>\n\n\n\n<p>Si no es tratado, el VIH debilita el sistema inmunol\u00f3gico. Cuando esto sucede, el cuerpo se vuelve vulnerable a enfermedades e infecciones graves. Esto se conoce como SIDA (s\u00edndrome de inmunodeficiencia adquirida)<\/p>\n\n\n\n<p>En la actualidad, existe un tratamiento eficaz que permite a las personas con VIH vivir una vida larga y saludable.<\/p>\n\n\n\n<h2 class=\"wp-block-heading\">\u00bfC\u00f3mo se contrae el VIH y c\u00f3mo se puede prevenir?<\/h2>\n\n\n\n<p>El VIH se puede transmitir cuando un flujo que contiene el virus entra en el cuerpo de una persona que no tiene el virus. La sangre, el semen, el flujo vaginal, el flujo rectal y la leche de pecho son flujos corporales que pueden contener el VIH.<\/p>\n\n\n\n<p>El VIH se transmite principalmente a trav\u00e9s de las relaciones sexuales y al compartir el equipo que se utiliza para inyectarse drogas. Sin embargo, ahora sabemos que una persona que vive con el VIH y est\u00e1 recibiendo un tratamiento eficaz, no puede transmitir el VIH a una pareja sexual.<\/p>\n\n\n\n<p>El VIH tambi\u00e9n se puede transmitir:<\/p>\n\n\n\n<ul class=\"wp-block-list\">\n<li>a un beb\u00e9 durante el embarazo, el parto o la lactancia de pecho<\/li>\n\n\n\n<li>mediante la reutilizaci\u00f3n de equipos de tatuajes o perforaciones corporales no esterilizados<\/li>\n\n\n\n<li>mediante la reutilizaci\u00f3n de equipos m\u00e9dicos, dentales o quir\u00fargicos que no se esterilizaron adecuadamente (esto es poco com\u00fan en Canad\u00e1, pero puede ser un riesgo en otros pa\u00edses)<\/li>\n\n\n\n<li>a trav\u00e9s de sangre o tejido donados en pa\u00edses donde el suministro de sangre no es analizado adecuadamente para detectar el VIH (Canad\u00e1 comenz\u00f3 a analizar la sangre y el tejido donados para detectar el VIH en 1985; antes de esto, era posible transmitir el VIH a trav\u00e9s de la sangre o el tejido donados en Canad\u00e1)<\/li>\n<\/ul>\n\n\n\n<p>El VIH nunca se transmite por abrazos, besos o apretones de manos, ni a trav\u00e9s de objetos como asientos de inodoro, perillas de las puertas o platos.<\/p>\n\n\n\n<p>No existe una vacuna contra el VIH, por lo que es importante hacer lo que puedas para evitar contraerlo.<\/p>\n\n\n\n<p>Hay muchas formas de prevenir el VIH:<\/p>\n\n\n\n<ul class=\"wp-block-list\">\n<li>Usa condones de la manera correcta cada vez que tengas relaciones sexuales.<\/li>\n\n\n\n<li>Si te inyectas drogas, evita compartirlas utilizando un equipo nuevo cada vez que te las inyectes.<\/li>\n\n\n\n<li>Usa PrEP (profilaxis previa a la exposici\u00f3n), un medicamento que una persona VIH negativa puede tomar de forma continua.<\/li>\n\n\n\n<li>Si crees haberte expuesto recientemente al VIH, usa PEP (profilaxis posterior a la exposici\u00f3n), un medicamento que las personas VIH negativas pueden tomar dentro de las 72 horas posteriores a la posible exposici\u00f3n al virus.<\/li>\n\n\n\n<li>Si tienes VIH, toma un tratamiento eficaz contra el VIH para evitar transmitir el virus a tus parejas sexuales.<\/li>\n\n\n\n<li>Si tienes VIH, toma un tratamiento eficaz contra el VIH durante todo el embarazo para evitar transmitir el virus a tu beb\u00e9.<\/li>\n\n\n\n<li>Si tienes VIH, alimenta a tu beb\u00e9 con leche de f\u00f3rmula. Sin embargo, con el apoyo m\u00e9dico adecuado, la lactancia de pecho puede ser una opci\u00f3n para ti si as\u00ed lo deseas.<\/li>\n\n\n\n<li>Si recibes tratamiento m\u00e9dico, dental o quir\u00fargico fuera de Canad\u00e1, aseg\u00farate de que el equipo sea nuevo o haya sido esterilizado adecuadamente.<\/li>\n\n\n\n<li>Si recibes sangre o tejido donados fuera de Canad\u00e1, confirma que se hayan analizado para detectar infecciones comunes transmitidas por la sangre.<\/li>\n<\/ul>\n\n\n\n<h2 class=\"wp-block-heading\">\u00bfC\u00f3mo s\u00e9 si tengo VIH?<\/h2>\n\n\n\n<p>La mayor\u00eda de las personas que tienen VIH no presentan s\u00edntomas durante a\u00f1os, aunque el virus est\u00e9 activo y da\u00f1e el sistema inmunol\u00f3gico. <strong>Puedes tener VIH y no saberlo<\/strong>.<\/p>\n\n\n\n<p>La \u00fanica forma de saber si tienes VIH es haci\u00e9ndote la prueba.<\/p>\n\n\n\n<p>P\u00eddele a una persona proveedora de atenci\u00f3n m\u00e9dica que te haga una prueba de VIH. Es posible que tambi\u00e9n quieras hacerte la prueba de otras infecciones al mismo tiempo, como gonorrea, clamidia, hepatitis B, hepatitis C y s\u00edfilis.<\/p>\n\n\n\n<h2 class=\"wp-block-heading\">\u00bfSe puede curar el VIH?<\/h2>\n\n\n\n<p>No existe cura para el VIH, sin embargo con el tratamiento y la atenci\u00f3n adecuados, las personas con VIH pueden vivir una vida larga y saludable.<\/p>\n\n\n\n<p>El tratamiento del VIH ha mejorado mucho. Es muy eficaz y tiene pocos efectos secundarios; a veces ninguno.<\/p>\n\n\n\n<p>Si tienes VIH, habla con una persona proveedora de atenci\u00f3n m\u00e9dica sobre tus opciones de tratamiento. <strong>Cuanto antes comiences el tratamiento, mejor ser\u00e1 para tu salud.<\/strong><\/p>\n\n\n\n<h2 class=\"wp-block-heading\">\u00bfCu\u00e1l es la diferencia entre el VIH y el SIDA?<\/h2>\n\n\n\n<p>El VIH es el virus que ataca al sistema inmunol\u00f3gico. Cuando el sistema inmunol\u00f3gico est\u00e1 gravemente debilitado y el cuerpo se vuelve vulnerable a enfermedades e infecciones graves, esto se conoce como SIDA. Es la etapa avanzada de la infecci\u00f3n por VIH. <strong>Sin embargo, con el tratamiento adecuado, muchas personas con VIH pueden vivir una vida larga y saludable sin desarrollar SIDA.<\/strong><\/p>\n\n\n\n<h2 class=\"wp-block-heading\">\u00bfD\u00f3nde puedo obtener servicios relacionados con el VIH?<\/h2>\n\n\n\n<p>Habla con una persona proveedora de atenci\u00f3n m\u00e9dica sobre la prueba del VIH o para recibir tratamiento y atenci\u00f3n.<\/p>\n\n\n\n<p>Encuentra informaci\u00f3n en ingl\u00e9s o franc\u00e9s sobre servicios relacionados con el VIH en tu \u00e1rea en <a href=\"https:\/\/whereto.catie.ca\" target=\"_blank\" rel=\"noreferrer noopener\">https:\/\/whereto.catie.ca<\/a><\/p>\n","protected":false},"excerpt":{"rendered":"<p>Introducci\u00f3n Sigue leyendo para obtener respuestas a preguntas frecuentes sobre el VIH. \u00bfQu\u00e9 es el VIH? VIH significa virus de inmunodeficiencia humana. El VIH es un virus que ataca el sistema inmunol\u00f3gico, la defensa incorporada del cuerpo contra enfermedades e infecciones. El sistema inmunol\u00f3gico es esencial para la buena salud. Si no es tratado, el [&hellip;]<\/p>\n","protected":false},"author":1,"featured_media":0,"parent":0,"menu_order":0,"comment_status":"closed","ping_status":"closed","template":"","meta":{"footnotes":""},"class_list":["post-347","page","type-page","status-publish","hentry"],"acf":[],"_links":{"self":[{"href":"https:\/\/multilingual.catie.ca\/es\/wp-json\/wp\/v2\/pages\/347","targetHints":{"allow":["GET"]}}],"collection":[{"href":"https:\/\/multilingual.catie.ca\/es\/wp-json\/wp\/v2\/pages"}],"about":[{"href":"https:\/\/multilingual.catie.ca\/es\/wp-json\/wp\/v2\/types\/page"}],"author":[{"embeddable":true,"href":"https:\/\/multilingual.catie.ca\/es\/wp-json\/wp\/v2\/users\/1"}],"replies":[{"embeddable":true,"href":"https:\/\/multilingual.catie.ca\/es\/wp-json\/wp\/v2\/comments?post=347"}],"version-history":[{"count":14,"href":"https:\/\/multilingual.catie.ca\/es\/wp-json\/wp\/v2\/pages\/347\/revisions"}],"predecessor-version":[{"id":1236,"href":"https:\/\/multilingual.catie.ca\/es\/wp-json\/wp\/v2\/pages\/347\/revisions\/1236"}],"wp:attachment":[{"href":"https:\/\/multilingual.catie.ca\/es\/wp-json\/wp\/v2\/media?parent=347"}],"curies":[{"name":"wp","href":"https:\/\/api.w.org\/{rel}","templated":true}]}}