{"id":331,"date":"2024-12-06T16:23:48","date_gmt":"2024-12-06T21:23:48","guid":{"rendered":"https:\/\/catie.swooncreative.ca\/hepatitis-c\/"},"modified":"2025-03-13T13:37:54","modified_gmt":"2025-03-13T17:37:54","slug":"hepatitis-c","status":"publish","type":"page","link":"https:\/\/multilingual.catie.ca\/es\/hepatitis-c\/","title":{"rendered":"Hepatitis C"},"content":{"rendered":"\n<h2 class=\"wp-block-heading\">Introducci\u00f3n<\/h2>\n\n\n\n<ul class=\"wp-block-list\">\n<li>La hepatitis C es un virus que ataca al h\u00edgado. Si no se trata, puede provocarte graves problemas de salud, como insuficiencia hep\u00e1tica, c\u00e1ncer de h\u00edgado y hasta la muerte prematura. \u00a1La buena noticia es que la hepatitis C se puede curar!<\/li>\n\n\n\n<li>La hepatitis C se transmite cuando la sangre de una persona con hepatitis C entra en contacto con la sangre de una persona sin hepatitis C. Hay muchas formas de evitar contraerla o transmitirla.<\/li>\n\n\n\n<li>La \u00fanica forma de saber si tienes hepatitis C es haci\u00e9ndote la prueba.<\/li>\n<\/ul>\n\n\n\n<p><strong>Sigue leyendo para obtener respuestas a preguntas frecuentes sobre la hepatitis C.<\/strong><\/p>\n\n\n\n<h2 class=\"wp-block-heading\">\u00bfQu\u00e9 es la hepatitis C?<\/h2>\n\n\n\n<p>La hepatitis C es un virus que ataca al h\u00edgado, un \u00f3rgano que realiza muchas funciones importantes para el cuerpo. El h\u00edgado es esencial para tener buena salud.<\/p>\n\n\n\n<p>Si no se trata, con el tiempo la hepatitis C da\u00f1a el h\u00edgado Esto puede provocar graves problemas de salud, como insuficiencia hep\u00e1tica, c\u00e1ncer de h\u00edgado y muerte prematura. <strong>Sin embargo, la hepatitis C se puede curar.<\/strong><\/p>\n\n\n\n<h2 class=\"wp-block-heading\">\u00bfC\u00f3mo se contrae la hepatitis C y c\u00f3mo se puede prevenir?<\/h2>\n\n\n\n<p>La hepatitis C se transmite cuando la sangre de una persona con hepatitis C entra en contacto con la sangre de una persona sin hepatitis C.<\/p>\n\n\n\n<p>Entre inmigrantes y personas reci\u00e9n llegadas, la hepatitis C se transmite com\u00fanmente en sus pa\u00edses de origen debido a medidas de seguridad deficientes en las pr\u00e1cticas de atenci\u00f3n m\u00e9dica. Esto incluye:<\/p>\n\n\n\n<ul class=\"wp-block-list\">\n<li>mediante el recibo de sangre o tejido donado en pa\u00edses donde el suministro de sangre no se analiza adecuadamente para detectar la hepatitis C<\/li>\n\n\n\n<li>mediante la reutilizaci\u00f3n de equipo m\u00e9dico, dental o quir\u00fargico en pa\u00edses donde este equipo no est\u00e1 debidamente esterilizado<\/li>\n\n\n\n<li>mediante pr\u00e1cticas curativas tradicionales que cortan o perforan la piel, si el equipo se reutiliza o no se esteriliza (por ejemplo, ventosas h\u00famedas y acupuntura)<\/li>\n<\/ul>\n\n\n\n<p>En Canad\u00e1, la hepatitis C se transmite com\u00fanmente al compartir utensilios para el consumo de drogas, especialmente aquellos que sirven para el consumo de drogas inyectables.<\/p>\n\n\n\n<p>La hepatitis C tambi\u00e9n se puede transmitir:<\/p>\n\n\n\n<ul class=\"wp-block-list\">\n<li>mediante la reutilizaci\u00f3n de utensilios para hacerse tatuajes o perforaciones corporales no esterilizados<\/li>\n\n\n\n<li>de una persona embarazada a su beb\u00e9 durante el embarazo o el parto<\/li>\n\n\n\n<li>durante las relaciones sexuales (aunque el riesgo es muy bajo, es posible; esto es m\u00e1s com\u00fan entre hombres que tienen relaciones sexuales con hombres)<\/li>\n\n\n\n<li>mediante el uso compartido de art\u00edculos de cuidado personal como rasuradoras, corta\u00fa\u00f1as y cepillos de dientes<\/li>\n<\/ul>\n\n\n\n<p>La hepatitis C ya no se transmite a trav\u00e9s de sangre o tejido donados en Canad\u00e1. Canad\u00e1 comenz\u00f3 en 1992 a realizar pruebas de detecci\u00f3n de hepatitis C en sangre y tejido donados.<\/p>\n\n\n\n<p>La hepatitis C nunca se transmite al abrazar, besar o tocar a alguien que tenga el virus.<\/p>\n\n\n\n<p>No existe una vacuna contra la hepatitis C, por lo que es importante hacer lo posible para evitar contraerla.<\/p>\n\n\n\n<p>Hay muchas formas de prevenir la hepatitis C:<\/p>\n\n\n\n<ul class=\"wp-block-list\">\n<li>Si recibes sangre o tejido donados fuera de Canad\u00e1, confirma que se hayan analizado para detectar infecciones comunes transmitidas por la sangre.<\/li>\n\n\n\n<li>Si Si recibes tratamiento m\u00e9dico, dental o quir\u00fargico fuera de Canad\u00e1, aseg\u00farate de que el utensilio sea nuevo o haya sido esterilizado adecuadamente.<\/li>\n\n\n\n<li>Hazte la prueba, el tratamiento y la curaci\u00f3n antes de quedar en cinta. Esto evitar\u00e1 transmitir la hepatitis C a tu beb\u00e9<\/li>\n\n\n\n<li>Si te inyectas drogas, evita compartirlas. Utiliza utensilios nuevos cada vez que lo hagas.<\/li>\n\n\n\n<li>Si fumas o inhalas drogas, evita compartirlas utilizando tu propio utensilio cada vez que fumas o inhalas.<\/li>\n\n\n\n<li>Usa condones de la manera correcta cada vez que tengas relaciones sexuales.<\/li>\n<\/ul>\n\n\n\n<h2 class=\"wp-block-heading\">\u00bfC\u00f3mo s\u00e9 si tengo hepatitis C?<\/h2>\n\n\n\n<p>La mayor\u00eda de las personas que tienen hepatitis C no presentan s\u00edntomas durante muchos a\u00f1os, aunque el virus est\u00e9 activo y da\u00f1e el h\u00edgado. <strong>Puedes tener hepatitis C y no saberlo.<\/strong> No existe una prueba obligatoria de hepatitis C cuando las personas solicitan la residencia permanente en Canad\u00e1.<\/p>\n\n\n\n<p>La \u00fanica forma de saber si tienes hepatitis C es haci\u00e9ndote la prueba.<\/p>\n\n\n\n<p>P\u00eddele a una persona proveedora de atenci\u00f3n m\u00e9dica una prueba de hepatitis C. Es posible que tambi\u00e9n desees hacerte la prueba de otras infecciones al mismo tiempo, como gonorrea, clamidia, hepatitis B, VIH y s\u00edfilis.<\/p>\n\n\n\n<h2 class=\"wp-block-heading\">\u00bfSe puede curar la hepatitis C?<\/h2>\n\n\n\n<p>\u00a1La hepatitis C se puede curar! En algunas personas, el virus desaparece por s\u00ed solo en los primeros seis meses, pero la mayor\u00eda de las personas necesitan tratamiento para curar la infecci\u00f3n.<\/p>\n\n\n\n<p>El tratamiento de la hepatitis C ha avanzado mucho. Implica hacerse un tratamiento durante ocho o doce semanas y as\u00ed se logra la cura en casi todas las personas con hepatitis C. El tratamiento suele tener pocos efectos secundarios, si es que los hay.<\/p>\n\n\n\n<p>Si tienes hepatitis C, habla con una persona proveedora de atenci\u00f3n m\u00e9dica sobre tus opciones de tratamiento. <strong>Cuanto antes comiences el tratamiento, ser\u00e1 mejor para tu salud.<\/strong><\/p>\n\n\n\n<h2 class=\"wp-block-heading\">\u00bfPuedo volver a contraer hepatitis C?<\/h2>\n\n\n\n<p>Haber tenido hepatitis C no te vuelve inmune. Puedes volver a contraer hepatitis C si vuelves a entrar en contacto con sangre que contenga hepatitis C.<\/p>\n\n\n\n<p><strong>\u00a1La buena noticia es que se puede tratar y curar nuevamente!<\/strong><\/p>\n\n\n\n<h2 class=\"wp-block-heading\">\u00bfQu\u00e9 son las hepatitis A y B?<\/h2>\n\n\n\n<p>Las hepatitis A y B son diferentes de la hepatitis C.<\/p>\n\n\n\n<p>La hepatitis A generalmente se transmite a trav\u00e9s del agua o los alimentos contaminados con materia fecal (caca). Tambi\u00e9n se puede transmitir a trav\u00e9s del contacto cercano con alguien que tenga hepatitis A. La mayor\u00eda de las personas que contraen hepatitis A se recuperan por s\u00ed solas. Cuando esto sucede, se vuelven inmunes al virus y no pueden contraer hepatitis A nuevamente.<\/p>\n\n\n\n<p>La hepatitis B puede transmitirse de una persona a otra a trav\u00e9s de la sangre, el semen o el flujo vaginal. La hepatitis B tambi\u00e9n puede transmitirse a un beb\u00e9 durante el parto. La mayor\u00eda de las personas que contraen hepatitis B se recuperan por s\u00ed solas; despu\u00e9s de esto, no pueden contraer hepatitis B nuevamente. Sin embargo, algunas personas con hepatitis B desarrollan una infecci\u00f3n cr\u00f3nica por hepatitis B. Esto es m\u00e1s com\u00fan en personas que contraen hepatitis B cuando son j\u00f3venes. La hepatitis B cr\u00f3nica puede provocar problemas hep\u00e1ticos a largo plazo. No existe cura para la hepatitis B.<\/p>\n\n\n\n<p><strong>La vacunaci\u00f3n es la mejor manera de prevenir tanto la hepatitis A como la hepatitis B.<\/strong><\/p>\n\n\n\n<h2 class=\"wp-block-heading\">\u00bfD\u00f3nde puedo obtener servicios para la hepatitis C?<\/h2>\n\n\n\n<p>Habla con un profesional de atenci\u00f3n m\u00e9dica sobre las pruebas de hepatitis C o para recibir tratamiento y atenci\u00f3n para la hepatitis C.<\/p>\n\n\n\n<p>Encuentra informaci\u00f3n en ingl\u00e9s o franc\u00e9s sobre servicios relacionados con la hepatitis C en tu \u00e1rea en <a href=\"https:\/\/whereto.catie.ca\" target=\"_blank\" rel=\"noreferrer noopener\">https:\/\/whereto.catie.ca<\/a>.<\/p>\n","protected":false},"excerpt":{"rendered":"<p>Introducci\u00f3n Sigue leyendo para obtener respuestas a preguntas frecuentes sobre la hepatitis C. \u00bfQu\u00e9 es la hepatitis C? La hepatitis C es un virus que ataca al h\u00edgado, un \u00f3rgano que realiza muchas funciones importantes para el cuerpo. El h\u00edgado es esencial para tener buena salud. Si no se trata, con el tiempo la hepatitis [&hellip;]<\/p>\n","protected":false},"author":1,"featured_media":0,"parent":0,"menu_order":0,"comment_status":"closed","ping_status":"closed","template":"","meta":{"footnotes":""},"class_list":["post-331","page","type-page","status-publish","hentry"],"acf":[],"_links":{"self":[{"href":"https:\/\/multilingual.catie.ca\/es\/wp-json\/wp\/v2\/pages\/331","targetHints":{"allow":["GET"]}}],"collection":[{"href":"https:\/\/multilingual.catie.ca\/es\/wp-json\/wp\/v2\/pages"}],"about":[{"href":"https:\/\/multilingual.catie.ca\/es\/wp-json\/wp\/v2\/types\/page"}],"author":[{"embeddable":true,"href":"https:\/\/multilingual.catie.ca\/es\/wp-json\/wp\/v2\/users\/1"}],"replies":[{"embeddable":true,"href":"https:\/\/multilingual.catie.ca\/es\/wp-json\/wp\/v2\/comments?post=331"}],"version-history":[{"count":10,"href":"https:\/\/multilingual.catie.ca\/es\/wp-json\/wp\/v2\/pages\/331\/revisions"}],"predecessor-version":[{"id":1243,"href":"https:\/\/multilingual.catie.ca\/es\/wp-json\/wp\/v2\/pages\/331\/revisions\/1243"}],"wp:attachment":[{"href":"https:\/\/multilingual.catie.ca\/es\/wp-json\/wp\/v2\/media?parent=331"}],"curies":[{"name":"wp","href":"https:\/\/api.w.org\/{rel}","templated":true}]}}